{"id":207674,"date":"2026-03-04T01:12:09","date_gmt":"2026-03-04T00:12:09","guid":{"rendered":"https:\/\/grupotextil.es\/producto\/taza-de-ceramica-stamina-macha-3997\/"},"modified":"2026-03-04T06:14:30","modified_gmt":"2026-03-04T05:14:30","slug":"taza-de-ceramica-stamina-macha-3997","status":"publish","type":"product","link":"https:\/\/grupotextil.es\/ca\/product\/taza-de-ceramica-stamina-macha-3997\/","title":{"rendered":"Taza de Cer\u00e1mica Stamina Macha 3997"},"content":{"rendered":"<p>Taza de cer\u00e1mica ideal para marcaje l\u00e1ser con interior a color en acabado mate. Capacidad 350 ml.<\/p>","protected":false},"excerpt":{"rendered":"<p>Taza de cer\u00e1mica ideal para marcaje l\u00e1ser con interior a color en acabado mate. Capacidad 350 ml.<\/p>","protected":false},"featured_media":207675,"comment_status":"open","ping_status":"closed","template":"","meta":{"_acf_changed":false},"product_brand":[14012],"product_cat":[14006,13971],"product_tag":[],"class_list":{"0":"post-207674","1":"product","2":"type-product","3":"status-publish","4":"has-post-thumbnail","6":"product_brand-stamina","7":"product_cat-acc-merchandising","8":"product_cat-mr-tazas","9":"tm-no-options","11":"first","12":"instock","13":"taxable","14":"shipping-taxable","15":"product-type-variable"},"acf":[],"_links":{"self":[{"href":"https:\/\/grupotextil.es\/ca\/wp-json\/wp\/v2\/product\/207674","targetHints":{"allow":["GET"]}}],"collection":[{"href":"https:\/\/grupotextil.es\/ca\/wp-json\/wp\/v2\/product"}],"about":[{"href":"https:\/\/grupotextil.es\/ca\/wp-json\/wp\/v2\/types\/product"}],"replies":[{"embeddable":true,"href":"https:\/\/grupotextil.es\/ca\/wp-json\/wp\/v2\/comments?post=207674"}],"wp:featuredmedia":[{"embeddable":true,"href":"https:\/\/grupotextil.es\/ca\/wp-json\/wp\/v2\/media\/207675"}],"wp:attachment":[{"href":"https:\/\/grupotextil.es\/ca\/wp-json\/wp\/v2\/media?parent=207674"}],"wp:term":[{"taxonomy":"product_brand","embeddable":true,"href":"https:\/\/grupotextil.es\/ca\/wp-json\/wp\/v2\/product_brand?post=207674"},{"taxonomy":"product_cat","embeddable":true,"href":"https:\/\/grupotextil.es\/ca\/wp-json\/wp\/v2\/product_cat?post=207674"},{"taxonomy":"product_tag","embeddable":true,"href":"https:\/\/grupotextil.es\/ca\/wp-json\/wp\/v2\/product_tag?post=207674"}],"curies":[{"name":"wp","href":"https:\/\/api.w.org\/{rel}","templated":true}]}}