{"id":207683,"date":"2026-03-04T01:12:16","date_gmt":"2026-03-04T00:12:16","guid":{"rendered":"https:\/\/grupotextil.es\/producto\/boligrafo-4-tintas-con-pulsador-retractil-stamina-kunoy-8094\/"},"modified":"2026-03-04T06:14:30","modified_gmt":"2026-03-04T05:14:30","slug":"boligrafo-4-tintas-con-pulsador-retractil-stamina-kunoy-8094","status":"publish","type":"product","link":"https:\/\/grupotextil.es\/ca\/product\/boligrafo-4-tintas-con-pulsador-retractil-stamina-kunoy-8094\/","title":{"rendered":"Bol\u00edgrafo 4 Tintas con Pulsador Retr\u00e1ctil Stamina Kunoy 8094"},"content":{"rendered":"<p>Bol\u00edgrafo promocional de 4 tintas con pulsador retr\u00e1ctil. Cuerpo de ABS con empu\u00f1adura en textura suave en color. Tintas en azul, negra, roja y verde.<\/p>","protected":false},"excerpt":{"rendered":"<p>Bol\u00edgrafo promocional de 4 tintas con pulsador retr\u00e1ctil. Cuerpo de ABS con empu\u00f1adura en textura suave en color. Tintas en azul, negra, roja y verde.<\/p>","protected":false},"featured_media":207684,"comment_status":"open","ping_status":"closed","template":"","meta":{"_acf_changed":false},"product_brand":[14012],"product_cat":[14006,13972],"product_tag":[],"class_list":{"0":"post-207683","1":"product","2":"type-product","3":"status-publish","4":"has-post-thumbnail","6":"product_brand-stamina","7":"product_cat-acc-merchandising","8":"product_cat-oficina-y-escritura","9":"tm-no-options","11":"first","12":"instock","13":"taxable","14":"shipping-taxable","15":"product-type-variable"},"acf":[],"_links":{"self":[{"href":"https:\/\/grupotextil.es\/ca\/wp-json\/wp\/v2\/product\/207683","targetHints":{"allow":["GET"]}}],"collection":[{"href":"https:\/\/grupotextil.es\/ca\/wp-json\/wp\/v2\/product"}],"about":[{"href":"https:\/\/grupotextil.es\/ca\/wp-json\/wp\/v2\/types\/product"}],"replies":[{"embeddable":true,"href":"https:\/\/grupotextil.es\/ca\/wp-json\/wp\/v2\/comments?post=207683"}],"wp:featuredmedia":[{"embeddable":true,"href":"https:\/\/grupotextil.es\/ca\/wp-json\/wp\/v2\/media\/207684"}],"wp:attachment":[{"href":"https:\/\/grupotextil.es\/ca\/wp-json\/wp\/v2\/media?parent=207683"}],"wp:term":[{"taxonomy":"product_brand","embeddable":true,"href":"https:\/\/grupotextil.es\/ca\/wp-json\/wp\/v2\/product_brand?post=207683"},{"taxonomy":"product_cat","embeddable":true,"href":"https:\/\/grupotextil.es\/ca\/wp-json\/wp\/v2\/product_cat?post=207683"},{"taxonomy":"product_tag","embeddable":true,"href":"https:\/\/grupotextil.es\/ca\/wp-json\/wp\/v2\/product_tag?post=207683"}],"curies":[{"name":"wp","href":"https:\/\/api.w.org\/{rel}","templated":true}]}}