{"id":207692,"date":"2026-03-04T01:12:25","date_gmt":"2026-03-04T00:12:25","guid":{"rendered":"https:\/\/grupotextil.es\/producto\/bidon-termico-de-acero-inoxidable-stamina-fancy-4126\/"},"modified":"2026-03-04T06:14:30","modified_gmt":"2026-03-04T05:14:30","slug":"bidon-termico-de-acero-inoxidable-stamina-fancy-4126","status":"publish","type":"product","link":"https:\/\/grupotextil.es\/ca\/product\/bidon-termico-de-acero-inoxidable-stamina-fancy-4126\/","title":{"rendered":"Bid\u00f3n T\u00e9rmico de Acero Inoxidable Stamina Fancy 4126"},"content":{"rendered":"<p>Fant\u00e1stico bid\u00f3n t\u00e9rmico de acero inoxidable 304, con el que mantener la temperatura justa de tus bebidas. Doble pared con aislamiento de cobre. Capacidad 500 ml. Color blanco apto para sublimaci\u00f3n.<\/p>","protected":false},"excerpt":{"rendered":"<p>Fant\u00e1stico bid\u00f3n t\u00e9rmico de acero inoxidable 304, con el que mantener la temperatura justa de tus bebidas. Doble pared con aislamiento de cobre. Capacidad 500 ml. Color blanco apto para sublimaci\u00f3n.<\/p>","protected":false},"featured_media":207693,"comment_status":"open","ping_status":"closed","template":"","meta":{"_acf_changed":false},"product_brand":[14012],"product_cat":[13958,14006,13971],"product_tag":[],"class_list":{"0":"post-207692","1":"product","2":"type-product","3":"status-publish","4":"has-post-thumbnail","6":"product_brand-stamina","7":"product_cat-mr-botellas-y-termos","8":"product_cat-acc-merchandising","9":"product_cat-mr-tazas","10":"tm-no-options","12":"first","13":"instock","14":"taxable","15":"shipping-taxable","16":"product-type-variable"},"acf":[],"_links":{"self":[{"href":"https:\/\/grupotextil.es\/ca\/wp-json\/wp\/v2\/product\/207692","targetHints":{"allow":["GET"]}}],"collection":[{"href":"https:\/\/grupotextil.es\/ca\/wp-json\/wp\/v2\/product"}],"about":[{"href":"https:\/\/grupotextil.es\/ca\/wp-json\/wp\/v2\/types\/product"}],"replies":[{"embeddable":true,"href":"https:\/\/grupotextil.es\/ca\/wp-json\/wp\/v2\/comments?post=207692"}],"wp:featuredmedia":[{"embeddable":true,"href":"https:\/\/grupotextil.es\/ca\/wp-json\/wp\/v2\/media\/207693"}],"wp:attachment":[{"href":"https:\/\/grupotextil.es\/ca\/wp-json\/wp\/v2\/media?parent=207692"}],"wp:term":[{"taxonomy":"product_brand","embeddable":true,"href":"https:\/\/grupotextil.es\/ca\/wp-json\/wp\/v2\/product_brand?post=207692"},{"taxonomy":"product_cat","embeddable":true,"href":"https:\/\/grupotextil.es\/ca\/wp-json\/wp\/v2\/product_cat?post=207692"},{"taxonomy":"product_tag","embeddable":true,"href":"https:\/\/grupotextil.es\/ca\/wp-json\/wp\/v2\/product_tag?post=207692"}],"curies":[{"name":"wp","href":"https:\/\/api.w.org\/{rel}","templated":true}]}}