{"id":207702,"date":"2026-03-04T01:12:35","date_gmt":"2026-03-04T00:12:35","guid":{"rendered":"https:\/\/grupotextil.es\/producto\/boligrafo-con-pulsador-stamina-dover-8095\/"},"modified":"2026-03-04T06:14:30","modified_gmt":"2026-03-04T05:14:30","slug":"boligrafo-con-pulsador-stamina-dover-8095","status":"publish","type":"product","link":"https:\/\/grupotextil.es\/ca\/product\/boligrafo-con-pulsador-stamina-dover-8095\/","title":{"rendered":"Bol\u00edgrafo con Pulsador Stamina Dover 8095"},"content":{"rendered":"<p>Bol\u00edgrafo con pulsador y cuerpo met\u00e1lico de tacto suave. Punta, clip y pulsador en metal cromado. Cuenta con carga jumbo de tinta azul. Especial para marcaje l\u00e1ser.<\/p>","protected":false},"excerpt":{"rendered":"<p>Bol\u00edgrafo con pulsador y cuerpo met\u00e1lico de tacto suave. Punta, clip y pulsador en metal cromado. Cuenta con carga jumbo de tinta azul. Especial para marcaje l\u00e1ser.<\/p>","protected":false},"featured_media":207703,"comment_status":"open","ping_status":"closed","template":"","meta":{"_acf_changed":false},"product_brand":[14012],"product_cat":[14006,13972],"product_tag":[],"class_list":{"0":"post-207702","1":"product","2":"type-product","3":"status-publish","4":"has-post-thumbnail","6":"product_brand-stamina","7":"product_cat-acc-merchandising","8":"product_cat-oficina-y-escritura","9":"tm-no-options","11":"first","12":"instock","13":"taxable","14":"shipping-taxable","15":"product-type-variable"},"acf":[],"_links":{"self":[{"href":"https:\/\/grupotextil.es\/ca\/wp-json\/wp\/v2\/product\/207702","targetHints":{"allow":["GET"]}}],"collection":[{"href":"https:\/\/grupotextil.es\/ca\/wp-json\/wp\/v2\/product"}],"about":[{"href":"https:\/\/grupotextil.es\/ca\/wp-json\/wp\/v2\/types\/product"}],"replies":[{"embeddable":true,"href":"https:\/\/grupotextil.es\/ca\/wp-json\/wp\/v2\/comments?post=207702"}],"wp:featuredmedia":[{"embeddable":true,"href":"https:\/\/grupotextil.es\/ca\/wp-json\/wp\/v2\/media\/207703"}],"wp:attachment":[{"href":"https:\/\/grupotextil.es\/ca\/wp-json\/wp\/v2\/media?parent=207702"}],"wp:term":[{"taxonomy":"product_brand","embeddable":true,"href":"https:\/\/grupotextil.es\/ca\/wp-json\/wp\/v2\/product_brand?post=207702"},{"taxonomy":"product_cat","embeddable":true,"href":"https:\/\/grupotextil.es\/ca\/wp-json\/wp\/v2\/product_cat?post=207702"},{"taxonomy":"product_tag","embeddable":true,"href":"https:\/\/grupotextil.es\/ca\/wp-json\/wp\/v2\/product_tag?post=207702"}],"curies":[{"name":"wp","href":"https:\/\/api.w.org\/{rel}","templated":true}]}}