{"id":208098,"date":"2026-03-04T01:17:42","date_gmt":"2026-03-04T00:17:42","guid":{"rendered":"https:\/\/grupotextil.es\/producto\/polo-roly-pegaso-premium-6609-nino\/"},"modified":"2026-03-04T06:14:33","modified_gmt":"2026-03-04T05:14:33","slug":"polo-roly-pegaso-premium-6609-nino","status":"publish","type":"product","link":"https:\/\/grupotextil.es\/ca\/product\/polo-roly-pegaso-premium-6609-nino\/","title":{"rendered":"Polo Roly Pegaso Premium 6609 Ni\u00f1o"},"content":{"rendered":"<p>Polo de manga corta. Cuello y ribete de mangas en canal\u00e9 1\u00d71 con detalle en relieve. Tapeta con 3 botones. Cubrecosturas reforzado en cuello. Aperturas laterales y bolsillo opcional.<\/p>","protected":false},"excerpt":{"rendered":"<p>Polo de manga corta. Cuello y ribete de mangas en canal\u00e9 1\u00d71 con detalle en relieve. Tapeta con 3 botones. Cubrecosturas reforzado en cuello. Aperturas laterales y bolsillo opcional.<\/p>","protected":false},"featured_media":208099,"comment_status":"open","ping_status":"closed","template":"","meta":{"_acf_changed":false},"product_brand":[14011],"product_cat":[13931,13930,13976,13996,13973],"product_tag":[],"class_list":{"0":"post-208098","1":"product","2":"type-product","3":"status-publish","4":"has-post-thumbnail","6":"product_brand-roly","7":"product_cat-rl-alta-visibilidad","8":"product_cat-laboral","9":"product_cat-ropa-nino","10":"product_cat-n-polos","11":"product_cat-ropa","12":"tm-no-options","14":"first","15":"instock","16":"taxable","17":"shipping-taxable","18":"product-type-variable"},"acf":[],"_links":{"self":[{"href":"https:\/\/grupotextil.es\/ca\/wp-json\/wp\/v2\/product\/208098","targetHints":{"allow":["GET"]}}],"collection":[{"href":"https:\/\/grupotextil.es\/ca\/wp-json\/wp\/v2\/product"}],"about":[{"href":"https:\/\/grupotextil.es\/ca\/wp-json\/wp\/v2\/types\/product"}],"replies":[{"embeddable":true,"href":"https:\/\/grupotextil.es\/ca\/wp-json\/wp\/v2\/comments?post=208098"}],"wp:featuredmedia":[{"embeddable":true,"href":"https:\/\/grupotextil.es\/ca\/wp-json\/wp\/v2\/media\/208099"}],"wp:attachment":[{"href":"https:\/\/grupotextil.es\/ca\/wp-json\/wp\/v2\/media?parent=208098"}],"wp:term":[{"taxonomy":"product_brand","embeddable":true,"href":"https:\/\/grupotextil.es\/ca\/wp-json\/wp\/v2\/product_brand?post=208098"},{"taxonomy":"product_cat","embeddable":true,"href":"https:\/\/grupotextil.es\/ca\/wp-json\/wp\/v2\/product_cat?post=208098"},{"taxonomy":"product_tag","embeddable":true,"href":"https:\/\/grupotextil.es\/ca\/wp-json\/wp\/v2\/product_tag?post=208098"}],"curies":[{"name":"wp","href":"https:\/\/api.w.org\/{rel}","templated":true}]}}