{"id":208281,"date":"2026-03-04T01:19:52","date_gmt":"2026-03-04T00:19:52","guid":{"rendered":"https:\/\/grupotextil.es\/producto\/outlet-camiseta-roly-assen-0201-hombre-2\/"},"modified":"2026-03-04T06:14:34","modified_gmt":"2026-03-04T05:14:34","slug":"outlet-camiseta-roly-assen-0201-hombre-2","status":"publish","type":"product","link":"https:\/\/grupotextil.es\/ca\/product\/outlet-camiseta-roly-assen-0201-hombre-2\/","title":{"rendered":"*OUTLET* Camiseta Roly Assen 0201 Hombre"},"content":{"rendered":"<p><strong>PRODUCTO QUE SE DESCATALOGAR\u00c1 CUANDO SE AGOTEN LAS EXISTENCIAS \u2013<\/strong> Camiseta t\u00e9cnica de manga corta estampada. Cuello redondo con cubre costuras de refuerzo a contraste en color amarillo fl\u00faor. Paneles laterales en interior de manga y en los hombros con remallado a tono. Tejido suave, ligero y transpirable, f\u00e1cil secado.<\/p>","protected":false},"excerpt":{"rendered":"<p><strong>PRODUCTO QUE SE DESCATALOGAR\u00c1 CUANDO SE AGOTEN LAS EXISTENCIAS \u2013<\/strong> Camiseta t\u00e9cnica de manga corta estampada. Cuello redondo con cubre costuras de refuerzo a contraste en color amarillo fl\u00faor. Paneles laterales en interior de manga y en los hombros con remallado a tono. Tejido suave, ligero y transpirable, f\u00e1cil secado.<\/p>","protected":false},"featured_media":200323,"comment_status":"open","ping_status":"closed","template":"","meta":{"_acf_changed":false},"product_brand":[14011],"product_cat":[13974,13975,13973],"product_tag":[],"class_list":{"0":"post-208281","1":"product","2":"type-product","3":"status-publish","4":"has-post-thumbnail","6":"product_brand-roly","7":"product_cat-ropa-hombre","8":"product_cat-ropa-mujer","9":"product_cat-ropa","10":"tm-no-options","12":"first","13":"instock","14":"taxable","15":"shipping-taxable","16":"product-type-variable"},"acf":[],"_links":{"self":[{"href":"https:\/\/grupotextil.es\/ca\/wp-json\/wp\/v2\/product\/208281","targetHints":{"allow":["GET"]}}],"collection":[{"href":"https:\/\/grupotextil.es\/ca\/wp-json\/wp\/v2\/product"}],"about":[{"href":"https:\/\/grupotextil.es\/ca\/wp-json\/wp\/v2\/types\/product"}],"replies":[{"embeddable":true,"href":"https:\/\/grupotextil.es\/ca\/wp-json\/wp\/v2\/comments?post=208281"}],"wp:featuredmedia":[{"embeddable":true,"href":"https:\/\/grupotextil.es\/ca\/wp-json\/wp\/v2\/media\/200323"}],"wp:attachment":[{"href":"https:\/\/grupotextil.es\/ca\/wp-json\/wp\/v2\/media?parent=208281"}],"wp:term":[{"taxonomy":"product_brand","embeddable":true,"href":"https:\/\/grupotextil.es\/ca\/wp-json\/wp\/v2\/product_brand?post=208281"},{"taxonomy":"product_cat","embeddable":true,"href":"https:\/\/grupotextil.es\/ca\/wp-json\/wp\/v2\/product_cat?post=208281"},{"taxonomy":"product_tag","embeddable":true,"href":"https:\/\/grupotextil.es\/ca\/wp-json\/wp\/v2\/product_tag?post=208281"}],"curies":[{"name":"wp","href":"https:\/\/api.w.org\/{rel}","templated":true}]}}