{"id":208302,"date":"2026-03-04T01:19:59","date_gmt":"2026-03-04T00:19:59","guid":{"rendered":"https:\/\/grupotextil.es\/producto\/chaleco-tecnico-roly-jannu-6684-hombre\/"},"modified":"2026-03-10T01:58:26","modified_gmt":"2026-03-10T00:58:26","slug":"chaleco-tecnico-roly-jannu-6684-hombre","status":"publish","type":"product","link":"https:\/\/grupotextil.es\/ca\/product\/chaleco-tecnico-roly-jannu-6684-hombre\/","title":{"rendered":"Chaleco T\u00e9cnico Roly Jannu 6684 Hombre"},"content":{"rendered":"<p>Chaleco t\u00e9cnico ligero de running, con cremallera frontal a tono con protector de barbilla. Ribete el\u00e1stico en sisa y bajo. Parte inferior de la espalda en tejido micro perforado. Detalles reflectantes en la parte superior, delantera y trasera. Bolsillo con el\u00e1stico para guardar el chaleco y llevarlo en la mu\u00f1eca.<\/p>","protected":false},"excerpt":{"rendered":"<p>Chaleco t\u00e9cnico ligero de running, con cremallera frontal a tono con protector de barbilla. Ribete el\u00e1stico en sisa y bajo. Parte inferior de la espalda en tejido micro perforado. Detalles reflectantes en la parte superior, delantera y trasera. Bolsillo con el\u00e1stico para guardar el chaleco y llevarlo en la mu\u00f1eca.<\/p>","protected":false},"featured_media":208303,"comment_status":"open","ping_status":"closed","template":"","meta":{"_acf_changed":false},"product_brand":[14011],"product_cat":[13982,14005,13939,13974,13973],"product_tag":[],"class_list":{"0":"post-208302","1":"product","2":"type-product","3":"status-publish","4":"has-post-thumbnail","6":"product_brand-roly","7":"product_cat-h-chalecos","8":"product_cat-rd-cortavientos","9":"product_cat-deportivo","10":"product_cat-ropa-hombre","11":"product_cat-ropa","12":"tm-no-options","14":"first","15":"instock","16":"taxable","17":"shipping-taxable","18":"product-type-variable"},"acf":[],"_links":{"self":[{"href":"https:\/\/grupotextil.es\/ca\/wp-json\/wp\/v2\/product\/208302","targetHints":{"allow":["GET"]}}],"collection":[{"href":"https:\/\/grupotextil.es\/ca\/wp-json\/wp\/v2\/product"}],"about":[{"href":"https:\/\/grupotextil.es\/ca\/wp-json\/wp\/v2\/types\/product"}],"replies":[{"embeddable":true,"href":"https:\/\/grupotextil.es\/ca\/wp-json\/wp\/v2\/comments?post=208302"}],"wp:featuredmedia":[{"embeddable":true,"href":"https:\/\/grupotextil.es\/ca\/wp-json\/wp\/v2\/media\/208303"}],"wp:attachment":[{"href":"https:\/\/grupotextil.es\/ca\/wp-json\/wp\/v2\/media?parent=208302"}],"wp:term":[{"taxonomy":"product_brand","embeddable":true,"href":"https:\/\/grupotextil.es\/ca\/wp-json\/wp\/v2\/product_brand?post=208302"},{"taxonomy":"product_cat","embeddable":true,"href":"https:\/\/grupotextil.es\/ca\/wp-json\/wp\/v2\/product_cat?post=208302"},{"taxonomy":"product_tag","embeddable":true,"href":"https:\/\/grupotextil.es\/ca\/wp-json\/wp\/v2\/product_tag?post=208302"}],"curies":[{"name":"wp","href":"https:\/\/api.w.org\/{rel}","templated":true}]}}