{"id":208498,"date":"2026-03-04T01:21:57","date_gmt":"2026-03-04T00:21:57","guid":{"rendered":"https:\/\/grupotextil.es\/producto\/camiseta-roly-akita-6534-nino\/"},"modified":"2026-03-04T06:14:35","modified_gmt":"2026-03-04T05:14:35","slug":"camiseta-roly-akita-6534-nino","status":"publish","type":"product","link":"https:\/\/grupotextil.es\/ca\/product\/camiseta-roly-akita-6534-nino\/","title":{"rendered":"Camiseta Roly Akita 6534 Ni\u00f1o"},"content":{"rendered":"<p>Camiseta de manga corta en colores fl\u00faor. Cuello redondo y cubrecosturas de refuerzo en el interior. Fabricado en tejido poli\u00e9ster con tacto algod\u00f3n.<\/p>","protected":false},"excerpt":{"rendered":"<p>Camiseta de manga corta en colores fl\u00faor. Cuello redondo y cubrecosturas de refuerzo en el interior. Fabricado en tejido poli\u00e9ster con tacto algod\u00f3n.<\/p>","protected":false},"featured_media":208499,"comment_status":"open","ping_status":"closed","template":"","meta":{"_acf_changed":false},"product_brand":[14011],"product_cat":[13931,13995,13930,13976,13973],"product_tag":[],"class_list":{"0":"post-208498","1":"product","2":"type-product","3":"status-publish","4":"has-post-thumbnail","6":"product_brand-roly","7":"product_cat-rl-alta-visibilidad","8":"product_cat-n-camisetas","9":"product_cat-laboral","10":"product_cat-ropa-nino","11":"product_cat-ropa","12":"tm-no-options","14":"first","15":"instock","16":"taxable","17":"shipping-taxable","18":"product-type-variable"},"acf":[],"_links":{"self":[{"href":"https:\/\/grupotextil.es\/ca\/wp-json\/wp\/v2\/product\/208498","targetHints":{"allow":["GET"]}}],"collection":[{"href":"https:\/\/grupotextil.es\/ca\/wp-json\/wp\/v2\/product"}],"about":[{"href":"https:\/\/grupotextil.es\/ca\/wp-json\/wp\/v2\/types\/product"}],"replies":[{"embeddable":true,"href":"https:\/\/grupotextil.es\/ca\/wp-json\/wp\/v2\/comments?post=208498"}],"wp:featuredmedia":[{"embeddable":true,"href":"https:\/\/grupotextil.es\/ca\/wp-json\/wp\/v2\/media\/208499"}],"wp:attachment":[{"href":"https:\/\/grupotextil.es\/ca\/wp-json\/wp\/v2\/media?parent=208498"}],"wp:term":[{"taxonomy":"product_brand","embeddable":true,"href":"https:\/\/grupotextil.es\/ca\/wp-json\/wp\/v2\/product_brand?post=208498"},{"taxonomy":"product_cat","embeddable":true,"href":"https:\/\/grupotextil.es\/ca\/wp-json\/wp\/v2\/product_cat?post=208498"},{"taxonomy":"product_tag","embeddable":true,"href":"https:\/\/grupotextil.es\/ca\/wp-json\/wp\/v2\/product_tag?post=208498"}],"curies":[{"name":"wp","href":"https:\/\/api.w.org\/{rel}","templated":true}]}}