{"id":208600,"date":"2026-03-04T01:23:29","date_gmt":"2026-03-04T00:23:29","guid":{"rendered":"https:\/\/grupotextil.es\/producto\/llavero-stamina-libok-2022\/"},"modified":"2026-03-04T06:14:35","modified_gmt":"2026-03-04T05:14:35","slug":"llavero-stamina-libok-2022","status":"publish","type":"product","link":"https:\/\/grupotextil.es\/ca\/product\/llavero-stamina-libok-2022\/","title":{"rendered":"Llavero Stamina Libok 2022"},"content":{"rendered":"<p>Llavero met\u00e1lico con moneda extra\u00edble para carro. La moneda puede extraerse por completo e insertarse en espacio dise\u00f1ado para ello. Cuenta con abridor para botellas en su extremo.<\/p>","protected":false},"excerpt":{"rendered":"<p>Llavero met\u00e1lico con moneda extra\u00edble para carro. La moneda puede extraerse por completo e insertarse en espacio dise\u00f1ado para ello. Cuenta con abridor para botellas en su extremo.<\/p>","protected":false},"featured_media":208601,"comment_status":"open","ping_status":"closed","template":"","meta":{"_acf_changed":false},"product_brand":[14012],"product_cat":[13960,14006],"product_tag":[],"class_list":{"0":"post-208600","1":"product","2":"type-product","3":"status-publish","4":"has-post-thumbnail","6":"product_brand-stamina","7":"product_cat-mr-llaveros","8":"product_cat-acc-merchandising","9":"tm-no-options","11":"first","12":"outofstock","13":"taxable","14":"shipping-taxable","15":"product-type-variable"},"acf":[],"_links":{"self":[{"href":"https:\/\/grupotextil.es\/ca\/wp-json\/wp\/v2\/product\/208600","targetHints":{"allow":["GET"]}}],"collection":[{"href":"https:\/\/grupotextil.es\/ca\/wp-json\/wp\/v2\/product"}],"about":[{"href":"https:\/\/grupotextil.es\/ca\/wp-json\/wp\/v2\/types\/product"}],"replies":[{"embeddable":true,"href":"https:\/\/grupotextil.es\/ca\/wp-json\/wp\/v2\/comments?post=208600"}],"wp:featuredmedia":[{"embeddable":true,"href":"https:\/\/grupotextil.es\/ca\/wp-json\/wp\/v2\/media\/208601"}],"wp:attachment":[{"href":"https:\/\/grupotextil.es\/ca\/wp-json\/wp\/v2\/media?parent=208600"}],"wp:term":[{"taxonomy":"product_brand","embeddable":true,"href":"https:\/\/grupotextil.es\/ca\/wp-json\/wp\/v2\/product_brand?post=208600"},{"taxonomy":"product_cat","embeddable":true,"href":"https:\/\/grupotextil.es\/ca\/wp-json\/wp\/v2\/product_cat?post=208600"},{"taxonomy":"product_tag","embeddable":true,"href":"https:\/\/grupotextil.es\/ca\/wp-json\/wp\/v2\/product_tag?post=208600"}],"curies":[{"name":"wp","href":"https:\/\/api.w.org\/{rel}","templated":true}]}}