{"id":208606,"date":"2026-03-04T01:23:43","date_gmt":"2026-03-04T00:23:43","guid":{"rendered":"https:\/\/grupotextil.es\/producto\/cargador-coche-stamina-bravek-2049\/"},"modified":"2026-03-04T06:14:36","modified_gmt":"2026-03-04T05:14:36","slug":"cargador-coche-stamina-bravek-2049","status":"publish","type":"product","link":"https:\/\/grupotextil.es\/ca\/product\/cargador-coche-stamina-bravek-2049\/","title":{"rendered":"Cargador Coche Stamina Bravek 2049"},"content":{"rendered":"<p>Cargador inal\u00e1mbrico de coche para smartphone con potencia de salida de hasta 15W. Cuenta con cable retr\u00e1ctil Tipo C incorporado con adaptador a USB. Incluye anillo magn\u00e9tico para el dispositivo y accesorio para rejilla de ventilaci\u00f3n. Presentaci\u00f3n en caja dise\u00f1o.<\/p>","protected":false},"excerpt":{"rendered":"<p>Cargador inal\u00e1mbrico de coche para smartphone con potencia de salida de hasta 15W. Cuenta con cable retr\u00e1ctil Tipo C incorporado con adaptador a USB. Incluye anillo magn\u00e9tico para el dispositivo y accesorio para rejilla de ventilaci\u00f3n. Presentaci\u00f3n en caja dise\u00f1o.<\/p>","protected":false},"featured_media":208607,"comment_status":"open","ping_status":"closed","template":"","meta":{"_acf_changed":false},"product_brand":[14012],"product_cat":[14006,13959],"product_tag":[],"class_list":{"0":"post-208606","1":"product","2":"type-product","3":"status-publish","4":"has-post-thumbnail","6":"product_brand-stamina","7":"product_cat-acc-merchandising","8":"product_cat-mr-tecnologia","9":"tm-no-options","11":"first","12":"outofstock","13":"taxable","14":"shipping-taxable","15":"product-type-variable"},"acf":[],"_links":{"self":[{"href":"https:\/\/grupotextil.es\/ca\/wp-json\/wp\/v2\/product\/208606","targetHints":{"allow":["GET"]}}],"collection":[{"href":"https:\/\/grupotextil.es\/ca\/wp-json\/wp\/v2\/product"}],"about":[{"href":"https:\/\/grupotextil.es\/ca\/wp-json\/wp\/v2\/types\/product"}],"replies":[{"embeddable":true,"href":"https:\/\/grupotextil.es\/ca\/wp-json\/wp\/v2\/comments?post=208606"}],"wp:featuredmedia":[{"embeddable":true,"href":"https:\/\/grupotextil.es\/ca\/wp-json\/wp\/v2\/media\/208607"}],"wp:attachment":[{"href":"https:\/\/grupotextil.es\/ca\/wp-json\/wp\/v2\/media?parent=208606"}],"wp:term":[{"taxonomy":"product_brand","embeddable":true,"href":"https:\/\/grupotextil.es\/ca\/wp-json\/wp\/v2\/product_brand?post=208606"},{"taxonomy":"product_cat","embeddable":true,"href":"https:\/\/grupotextil.es\/ca\/wp-json\/wp\/v2\/product_cat?post=208606"},{"taxonomy":"product_tag","embeddable":true,"href":"https:\/\/grupotextil.es\/ca\/wp-json\/wp\/v2\/product_tag?post=208606"}],"curies":[{"name":"wp","href":"https:\/\/api.w.org\/{rel}","templated":true}]}}