{"id":208634,"date":"2026-03-04T01:24:44","date_gmt":"2026-03-04T00:24:44","guid":{"rendered":"https:\/\/grupotextil.es\/producto\/soporte-cargador-stamina-yoldix-1982\/"},"modified":"2026-03-04T06:14:36","modified_gmt":"2026-03-04T05:14:36","slug":"soporte-cargador-stamina-yoldix-1982","status":"publish","type":"product","link":"https:\/\/grupotextil.es\/ca\/product\/soporte-cargador-stamina-yoldix-1982\/","title":{"rendered":"Soporte Cargador Stamina Yoldix 1982"},"content":{"rendered":"<p>Soporte de coche para smartphone con cargador con potencia en carga inal\u00e1mbrica de hasta 15W con dos piezas intercambiables. Una de ellas cuenta con soporte para salida de aire con pinza con cierre mec\u00e1nico y la otra pieza cuenta con ventosa para sujeci\u00f3n desde la luna del coche, que adem\u00e1s est\u00e1 formado por un brazo extensible que permite llevarlo en una posici\u00f3n \u00f3ptima, pudiendo modificar la posici\u00f3n del soporte mediante su mecanismo giratorio. El soporte es compatible para todos los dispositivos que incorporan tecnolog\u00eda para carga inal\u00e1mbrica, ofreciendo un ajuste muy resistente gracias a su regulaci\u00f3n autom\u00e1tica lateral. Tambi\u00e9n cuenta con un ajuste manual en la parte inferior para mantener tu smartphone a la altura perfecta.<\/p>","protected":false},"excerpt":{"rendered":"<p>Soporte de coche para smartphone con cargador con potencia en carga inal\u00e1mbrica de hasta 15W con dos piezas intercambiables. Una de ellas cuenta con soporte para salida de aire con pinza con cierre mec\u00e1nico y la otra pieza cuenta con ventosa para sujeci\u00f3n desde la luna del coche, que adem\u00e1s est\u00e1 formado por un brazo extensible que permite llevarlo en una posici\u00f3n \u00f3ptima, pudiendo modificar la posici\u00f3n del soporte mediante su mecanismo giratorio. El soporte es compatible para todos los dispositivos que incorporan tecnolog\u00eda para carga inal\u00e1mbrica, ofreciendo un ajuste muy resistente gracias a su regulaci\u00f3n autom\u00e1tica lateral. Tambi\u00e9n cuenta con un ajuste manual en la parte inferior para mantener tu smartphone a la altura perfecta.<\/p>","protected":false},"featured_media":208635,"comment_status":"open","ping_status":"closed","template":"","meta":{"_acf_changed":false},"product_brand":[14012],"product_cat":[13948],"product_tag":[],"class_list":{"0":"post-208634","1":"product","2":"type-product","3":"status-publish","4":"has-post-thumbnail","6":"product_brand-stamina","7":"product_cat-accesorios","8":"tm-no-options","10":"first","11":"instock","12":"taxable","13":"shipping-taxable","14":"product-type-variable"},"acf":[],"_links":{"self":[{"href":"https:\/\/grupotextil.es\/ca\/wp-json\/wp\/v2\/product\/208634","targetHints":{"allow":["GET"]}}],"collection":[{"href":"https:\/\/grupotextil.es\/ca\/wp-json\/wp\/v2\/product"}],"about":[{"href":"https:\/\/grupotextil.es\/ca\/wp-json\/wp\/v2\/types\/product"}],"replies":[{"embeddable":true,"href":"https:\/\/grupotextil.es\/ca\/wp-json\/wp\/v2\/comments?post=208634"}],"wp:featuredmedia":[{"embeddable":true,"href":"https:\/\/grupotextil.es\/ca\/wp-json\/wp\/v2\/media\/208635"}],"wp:attachment":[{"href":"https:\/\/grupotextil.es\/ca\/wp-json\/wp\/v2\/media?parent=208634"}],"wp:term":[{"taxonomy":"product_brand","embeddable":true,"href":"https:\/\/grupotextil.es\/ca\/wp-json\/wp\/v2\/product_brand?post=208634"},{"taxonomy":"product_cat","embeddable":true,"href":"https:\/\/grupotextil.es\/ca\/wp-json\/wp\/v2\/product_cat?post=208634"},{"taxonomy":"product_tag","embeddable":true,"href":"https:\/\/grupotextil.es\/ca\/wp-json\/wp\/v2\/product_tag?post=208634"}],"curies":[{"name":"wp","href":"https:\/\/api.w.org\/{rel}","templated":true}]}}