{"id":208758,"date":"2026-03-04T01:28:10","date_gmt":"2026-03-04T00:28:10","guid":{"rendered":"https:\/\/grupotextil.es\/producto\/bidon-stamina-moroni-2014\/"},"modified":"2026-03-04T06:14:37","modified_gmt":"2026-03-04T05:14:37","slug":"bidon-stamina-moroni-2014","status":"publish","type":"product","link":"https:\/\/grupotextil.es\/ca\/product\/bidon-stamina-moroni-2014\/","title":{"rendered":"Bid\u00f3n Stamina Moroni 2014"},"content":{"rendered":"<p>Bid\u00f3n elaborado en acero inoxidable reciclado 304 de doble pared con superficie con parte inferior en dise\u00f1o biselado. Con capacidad de 500 ml. Cuenta con un tap\u00f3n autom\u00e1tico de apertura mediante bot\u00f3n incorporado en su la base de \u00e9ste. Cuenta con asa de transporte incoporada con un original dise\u00f1o.<\/p>","protected":false},"excerpt":{"rendered":"<p>Bid\u00f3n elaborado en acero inoxidable reciclado 304 de doble pared con superficie con parte inferior en dise\u00f1o biselado. Con capacidad de 500 ml. Cuenta con un tap\u00f3n autom\u00e1tico de apertura mediante bot\u00f3n incorporado en su la base de \u00e9ste. Cuenta con asa de transporte incoporada con un original dise\u00f1o.<\/p>","protected":false},"featured_media":208759,"comment_status":"open","ping_status":"closed","template":"","meta":{"_acf_changed":false},"product_brand":[14012],"product_cat":[13958,14006,13971],"product_tag":[],"class_list":{"0":"post-208758","1":"product","2":"type-product","3":"status-publish","4":"has-post-thumbnail","6":"product_brand-stamina","7":"product_cat-mr-botellas-y-termos","8":"product_cat-acc-merchandising","9":"product_cat-mr-tazas","10":"tm-no-options","12":"first","13":"outofstock","14":"taxable","15":"shipping-taxable","16":"product-type-variable"},"acf":[],"_links":{"self":[{"href":"https:\/\/grupotextil.es\/ca\/wp-json\/wp\/v2\/product\/208758","targetHints":{"allow":["GET"]}}],"collection":[{"href":"https:\/\/grupotextil.es\/ca\/wp-json\/wp\/v2\/product"}],"about":[{"href":"https:\/\/grupotextil.es\/ca\/wp-json\/wp\/v2\/types\/product"}],"replies":[{"embeddable":true,"href":"https:\/\/grupotextil.es\/ca\/wp-json\/wp\/v2\/comments?post=208758"}],"wp:featuredmedia":[{"embeddable":true,"href":"https:\/\/grupotextil.es\/ca\/wp-json\/wp\/v2\/media\/208759"}],"wp:attachment":[{"href":"https:\/\/grupotextil.es\/ca\/wp-json\/wp\/v2\/media?parent=208758"}],"wp:term":[{"taxonomy":"product_brand","embeddable":true,"href":"https:\/\/grupotextil.es\/ca\/wp-json\/wp\/v2\/product_brand?post=208758"},{"taxonomy":"product_cat","embeddable":true,"href":"https:\/\/grupotextil.es\/ca\/wp-json\/wp\/v2\/product_cat?post=208758"},{"taxonomy":"product_tag","embeddable":true,"href":"https:\/\/grupotextil.es\/ca\/wp-json\/wp\/v2\/product_tag?post=208758"}],"curies":[{"name":"wp","href":"https:\/\/api.w.org\/{rel}","templated":true}]}}