{"id":208807,"date":"2026-03-04T01:29:10","date_gmt":"2026-03-04T00:29:10","guid":{"rendered":"https:\/\/grupotextil.es\/producto\/bidon-stamina-bontax-1997\/"},"modified":"2026-03-04T06:14:37","modified_gmt":"2026-03-04T05:14:37","slug":"bidon-stamina-bontax-1997","status":"publish","type":"product","link":"https:\/\/grupotextil.es\/ca\/product\/bidon-stamina-bontax-1997\/","title":{"rendered":"Bid\u00f3n Stamina Bontax 1997"},"content":{"rendered":"<p>Bid\u00f3n elaborado en acero inoxidable 304 de doble pared con tapa elaborada en PS. Con capacidad para 500ml. Incorpora un asa de transporte r\u00edgida transl\u00facida a rosca en color a conjunto del cuerpo. Adem\u00e1s, incluye una base antideslizante, que ayuda al equilibrio y correcto uso del mismo.<\/p>","protected":false},"excerpt":{"rendered":"<p>Bid\u00f3n elaborado en acero inoxidable 304 de doble pared con tapa elaborada en PS. Con capacidad para 500ml. Incorpora un asa de transporte r\u00edgida transl\u00facida a rosca en color a conjunto del cuerpo. Adem\u00e1s, incluye una base antideslizante, que ayuda al equilibrio y correcto uso del mismo.<\/p>","protected":false},"featured_media":208808,"comment_status":"open","ping_status":"closed","template":"","meta":{"_acf_changed":false},"product_brand":[14012],"product_cat":[13958,14006,13971],"product_tag":[],"class_list":{"0":"post-208807","1":"product","2":"type-product","3":"status-publish","4":"has-post-thumbnail","6":"product_brand-stamina","7":"product_cat-mr-botellas-y-termos","8":"product_cat-acc-merchandising","9":"product_cat-mr-tazas","10":"tm-no-options","12":"first","13":"outofstock","14":"taxable","15":"shipping-taxable","16":"product-type-variable"},"acf":[],"_links":{"self":[{"href":"https:\/\/grupotextil.es\/ca\/wp-json\/wp\/v2\/product\/208807","targetHints":{"allow":["GET"]}}],"collection":[{"href":"https:\/\/grupotextil.es\/ca\/wp-json\/wp\/v2\/product"}],"about":[{"href":"https:\/\/grupotextil.es\/ca\/wp-json\/wp\/v2\/types\/product"}],"replies":[{"embeddable":true,"href":"https:\/\/grupotextil.es\/ca\/wp-json\/wp\/v2\/comments?post=208807"}],"wp:featuredmedia":[{"embeddable":true,"href":"https:\/\/grupotextil.es\/ca\/wp-json\/wp\/v2\/media\/208808"}],"wp:attachment":[{"href":"https:\/\/grupotextil.es\/ca\/wp-json\/wp\/v2\/media?parent=208807"}],"wp:term":[{"taxonomy":"product_brand","embeddable":true,"href":"https:\/\/grupotextil.es\/ca\/wp-json\/wp\/v2\/product_brand?post=208807"},{"taxonomy":"product_cat","embeddable":true,"href":"https:\/\/grupotextil.es\/ca\/wp-json\/wp\/v2\/product_cat?post=208807"},{"taxonomy":"product_tag","embeddable":true,"href":"https:\/\/grupotextil.es\/ca\/wp-json\/wp\/v2\/product_tag?post=208807"}],"curies":[{"name":"wp","href":"https:\/\/api.w.org\/{rel}","templated":true}]}}