{"id":208859,"date":"2026-03-04T01:30:19","date_gmt":"2026-03-04T00:30:19","guid":{"rendered":"https:\/\/grupotextil.es\/producto\/bidon-stamina-tatlon-1976\/"},"modified":"2026-03-04T06:14:37","modified_gmt":"2026-03-04T05:14:37","slug":"bidon-stamina-tatlon-1976","status":"publish","type":"product","link":"https:\/\/grupotextil.es\/ca\/product\/bidon-stamina-tatlon-1976\/","title":{"rendered":"Bid\u00f3n Stamina Tatlon 1976"},"content":{"rendered":"<p>Bid\u00f3n elaborado en acero inoxidable 304 reciclado con pared simple. Cuenta con capacidad para 700 ml. Incorpora un dosificador con pajita abatible y un asa de transporte incorporada en el tap\u00f3n. Cuenta con un anillo de silicona en la tapa que lo provee de sistema antigoteo, evitando fugas de l\u00edquidos. Color blanco especialmente dise\u00f1ado para sublimaci\u00f3n.<\/p>","protected":false},"excerpt":{"rendered":"<p>Bid\u00f3n elaborado en acero inoxidable 304 reciclado con pared simple. Cuenta con capacidad para 700 ml. Incorpora un dosificador con pajita abatible y un asa de transporte incorporada en el tap\u00f3n. Cuenta con un anillo de silicona en la tapa que lo provee de sistema antigoteo, evitando fugas de l\u00edquidos. Color blanco especialmente dise\u00f1ado para sublimaci\u00f3n.<\/p>","protected":false},"featured_media":208860,"comment_status":"open","ping_status":"closed","template":"","meta":{"_acf_changed":false},"product_brand":[14012],"product_cat":[13958,14006,13971],"product_tag":[],"class_list":{"0":"post-208859","1":"product","2":"type-product","3":"status-publish","4":"has-post-thumbnail","6":"product_brand-stamina","7":"product_cat-mr-botellas-y-termos","8":"product_cat-acc-merchandising","9":"product_cat-mr-tazas","10":"tm-no-options","12":"first","13":"outofstock","14":"taxable","15":"shipping-taxable","16":"product-type-variable"},"acf":[],"_links":{"self":[{"href":"https:\/\/grupotextil.es\/ca\/wp-json\/wp\/v2\/product\/208859","targetHints":{"allow":["GET"]}}],"collection":[{"href":"https:\/\/grupotextil.es\/ca\/wp-json\/wp\/v2\/product"}],"about":[{"href":"https:\/\/grupotextil.es\/ca\/wp-json\/wp\/v2\/types\/product"}],"replies":[{"embeddable":true,"href":"https:\/\/grupotextil.es\/ca\/wp-json\/wp\/v2\/comments?post=208859"}],"wp:featuredmedia":[{"embeddable":true,"href":"https:\/\/grupotextil.es\/ca\/wp-json\/wp\/v2\/media\/208860"}],"wp:attachment":[{"href":"https:\/\/grupotextil.es\/ca\/wp-json\/wp\/v2\/media?parent=208859"}],"wp:term":[{"taxonomy":"product_brand","embeddable":true,"href":"https:\/\/grupotextil.es\/ca\/wp-json\/wp\/v2\/product_brand?post=208859"},{"taxonomy":"product_cat","embeddable":true,"href":"https:\/\/grupotextil.es\/ca\/wp-json\/wp\/v2\/product_cat?post=208859"},{"taxonomy":"product_tag","embeddable":true,"href":"https:\/\/grupotextil.es\/ca\/wp-json\/wp\/v2\/product_tag?post=208859"}],"curies":[{"name":"wp","href":"https:\/\/api.w.org\/{rel}","templated":true}]}}