{"id":208920,"date":"2026-03-04T01:31:50","date_gmt":"2026-03-04T00:31:50","guid":{"rendered":"https:\/\/grupotextil.es\/producto\/boligrafo-stamina-bolpin-1973\/"},"modified":"2026-03-04T06:14:38","modified_gmt":"2026-03-04T05:14:38","slug":"boligrafo-stamina-bolpin-1973","status":"publish","type":"product","link":"https:\/\/grupotextil.es\/ca\/product\/boligrafo-stamina-bolpin-1973\/","title":{"rendered":"Bol\u00edgrafo Stamina Bolpin 1973"},"content":{"rendered":"<p>Bol\u00edgrafo l\u00e1piz infinito 2 en 1 con cuerpo elaborado en ABS con acabado metalizado brillante. En uno de sus extremos cuenta con bol\u00edgrafo con carga jumbo de tinta azul y en contrario, l\u00e1piz infinito, ambos con tapa.<\/p>","protected":false},"excerpt":{"rendered":"<p>Bol\u00edgrafo l\u00e1piz infinito 2 en 1 con cuerpo elaborado en ABS con acabado metalizado brillante. En uno de sus extremos cuenta con bol\u00edgrafo con carga jumbo de tinta azul y en contrario, l\u00e1piz infinito, ambos con tapa.<\/p>","protected":false},"featured_media":208921,"comment_status":"open","ping_status":"closed","template":"","meta":{"_acf_changed":false},"product_brand":[14012],"product_cat":[14006,13972],"product_tag":[],"class_list":{"0":"post-208920","1":"product","2":"type-product","3":"status-publish","4":"has-post-thumbnail","6":"product_brand-stamina","7":"product_cat-acc-merchandising","8":"product_cat-oficina-y-escritura","9":"tm-no-options","11":"first","12":"outofstock","13":"taxable","14":"shipping-taxable","15":"product-type-variable"},"acf":[],"_links":{"self":[{"href":"https:\/\/grupotextil.es\/ca\/wp-json\/wp\/v2\/product\/208920","targetHints":{"allow":["GET"]}}],"collection":[{"href":"https:\/\/grupotextil.es\/ca\/wp-json\/wp\/v2\/product"}],"about":[{"href":"https:\/\/grupotextil.es\/ca\/wp-json\/wp\/v2\/types\/product"}],"replies":[{"embeddable":true,"href":"https:\/\/grupotextil.es\/ca\/wp-json\/wp\/v2\/comments?post=208920"}],"wp:featuredmedia":[{"embeddable":true,"href":"https:\/\/grupotextil.es\/ca\/wp-json\/wp\/v2\/media\/208921"}],"wp:attachment":[{"href":"https:\/\/grupotextil.es\/ca\/wp-json\/wp\/v2\/media?parent=208920"}],"wp:term":[{"taxonomy":"product_brand","embeddable":true,"href":"https:\/\/grupotextil.es\/ca\/wp-json\/wp\/v2\/product_brand?post=208920"},{"taxonomy":"product_cat","embeddable":true,"href":"https:\/\/grupotextil.es\/ca\/wp-json\/wp\/v2\/product_cat?post=208920"},{"taxonomy":"product_tag","embeddable":true,"href":"https:\/\/grupotextil.es\/ca\/wp-json\/wp\/v2\/product_tag?post=208920"}],"curies":[{"name":"wp","href":"https:\/\/api.w.org\/{rel}","templated":true}]}}