{"id":208932,"date":"2026-03-04T01:32:07","date_gmt":"2026-03-04T00:32:07","guid":{"rendered":"https:\/\/grupotextil.es\/producto\/bidon-stamina-flyn-2018\/"},"modified":"2026-03-04T06:14:38","modified_gmt":"2026-03-04T05:14:38","slug":"bidon-stamina-flyn-2018","status":"publish","type":"product","link":"https:\/\/grupotextil.es\/ca\/product\/bidon-stamina-flyn-2018\/","title":{"rendered":"Bid\u00f3n Stamina Flyn 2018"},"content":{"rendered":"<p>Bid\u00f3n t\u00e9rmico con dise\u00f1o infantil de doble pared y cuerpo elaborado en acero inoxidable 304. Tap\u00f3n con funda en forma de animal elaborada en PP. Cuenta con capacidad para 450 ml y sistema antigoteo gracias a su anillo de silicona. Ideal para ni\u00f1os gracias a su divertido dise\u00f1o y estructura.<\/p>","protected":false},"excerpt":{"rendered":"<p>Bid\u00f3n t\u00e9rmico con dise\u00f1o infantil de doble pared y cuerpo elaborado en acero inoxidable 304. Tap\u00f3n con funda en forma de animal elaborada en PP. Cuenta con capacidad para 450 ml y sistema antigoteo gracias a su anillo de silicona. Ideal para ni\u00f1os gracias a su divertido dise\u00f1o y estructura.<\/p>","protected":false},"featured_media":208933,"comment_status":"open","ping_status":"closed","template":"","meta":{"_acf_changed":false},"product_brand":[14012],"product_cat":[13958,14006,13971],"product_tag":[],"class_list":{"0":"post-208932","1":"product","2":"type-product","3":"status-publish","4":"has-post-thumbnail","6":"product_brand-stamina","7":"product_cat-mr-botellas-y-termos","8":"product_cat-acc-merchandising","9":"product_cat-mr-tazas","10":"tm-no-options","12":"first","13":"outofstock","14":"taxable","15":"shipping-taxable","16":"product-type-variable"},"acf":[],"_links":{"self":[{"href":"https:\/\/grupotextil.es\/ca\/wp-json\/wp\/v2\/product\/208932","targetHints":{"allow":["GET"]}}],"collection":[{"href":"https:\/\/grupotextil.es\/ca\/wp-json\/wp\/v2\/product"}],"about":[{"href":"https:\/\/grupotextil.es\/ca\/wp-json\/wp\/v2\/types\/product"}],"replies":[{"embeddable":true,"href":"https:\/\/grupotextil.es\/ca\/wp-json\/wp\/v2\/comments?post=208932"}],"wp:featuredmedia":[{"embeddable":true,"href":"https:\/\/grupotextil.es\/ca\/wp-json\/wp\/v2\/media\/208933"}],"wp:attachment":[{"href":"https:\/\/grupotextil.es\/ca\/wp-json\/wp\/v2\/media?parent=208932"}],"wp:term":[{"taxonomy":"product_brand","embeddable":true,"href":"https:\/\/grupotextil.es\/ca\/wp-json\/wp\/v2\/product_brand?post=208932"},{"taxonomy":"product_cat","embeddable":true,"href":"https:\/\/grupotextil.es\/ca\/wp-json\/wp\/v2\/product_cat?post=208932"},{"taxonomy":"product_tag","embeddable":true,"href":"https:\/\/grupotextil.es\/ca\/wp-json\/wp\/v2\/product_tag?post=208932"}],"curies":[{"name":"wp","href":"https:\/\/api.w.org\/{rel}","templated":true}]}}