{"id":208941,"date":"2026-03-04T01:32:21","date_gmt":"2026-03-04T00:32:21","guid":{"rendered":"https:\/\/grupotextil.es\/producto\/bidon-stamina-mapet-2019\/"},"modified":"2026-03-04T06:14:38","modified_gmt":"2026-03-04T05:14:38","slug":"bidon-stamina-mapet-2019","status":"publish","type":"product","link":"https:\/\/grupotextil.es\/ca\/product\/bidon-stamina-mapet-2019\/","title":{"rendered":"Bid\u00f3n Stamina Mapet 2019"},"content":{"rendered":"<p>Bid\u00f3n t\u00e9rmico elaborado en acero inoxidable 304 reciclado de doble pared con capacidad para 550ml. Cuenta con tapa a rosca con dosificador autom\u00e1tico de doble apertura mediante bot\u00f3n a presi\u00f3n, incorporando pajita abatible en \u00e9l. Incluye refuerzos de silicona que conforman un sistema antigoteo, que evita fugas de l\u00edquidos. Incorpora asa completa de transpoorte.<\/p>","protected":false},"excerpt":{"rendered":"<p>Bid\u00f3n t\u00e9rmico elaborado en acero inoxidable 304 reciclado de doble pared con capacidad para 550ml. Cuenta con tapa a rosca con dosificador autom\u00e1tico de doble apertura mediante bot\u00f3n a presi\u00f3n, incorporando pajita abatible en \u00e9l. Incluye refuerzos de silicona que conforman un sistema antigoteo, que evita fugas de l\u00edquidos. Incorpora asa completa de transpoorte.<\/p>","protected":false},"featured_media":208942,"comment_status":"open","ping_status":"closed","template":"","meta":{"_acf_changed":false},"product_brand":[14012],"product_cat":[13958,14006,13971],"product_tag":[],"class_list":{"0":"post-208941","1":"product","2":"type-product","3":"status-publish","4":"has-post-thumbnail","6":"product_brand-stamina","7":"product_cat-mr-botellas-y-termos","8":"product_cat-acc-merchandising","9":"product_cat-mr-tazas","10":"tm-no-options","12":"first","13":"outofstock","14":"taxable","15":"shipping-taxable","16":"product-type-variable"},"acf":[],"_links":{"self":[{"href":"https:\/\/grupotextil.es\/ca\/wp-json\/wp\/v2\/product\/208941","targetHints":{"allow":["GET"]}}],"collection":[{"href":"https:\/\/grupotextil.es\/ca\/wp-json\/wp\/v2\/product"}],"about":[{"href":"https:\/\/grupotextil.es\/ca\/wp-json\/wp\/v2\/types\/product"}],"replies":[{"embeddable":true,"href":"https:\/\/grupotextil.es\/ca\/wp-json\/wp\/v2\/comments?post=208941"}],"wp:featuredmedia":[{"embeddable":true,"href":"https:\/\/grupotextil.es\/ca\/wp-json\/wp\/v2\/media\/208942"}],"wp:attachment":[{"href":"https:\/\/grupotextil.es\/ca\/wp-json\/wp\/v2\/media?parent=208941"}],"wp:term":[{"taxonomy":"product_brand","embeddable":true,"href":"https:\/\/grupotextil.es\/ca\/wp-json\/wp\/v2\/product_brand?post=208941"},{"taxonomy":"product_cat","embeddable":true,"href":"https:\/\/grupotextil.es\/ca\/wp-json\/wp\/v2\/product_cat?post=208941"},{"taxonomy":"product_tag","embeddable":true,"href":"https:\/\/grupotextil.es\/ca\/wp-json\/wp\/v2\/product_tag?post=208941"}],"curies":[{"name":"wp","href":"https:\/\/api.w.org\/{rel}","templated":true}]}}