{"id":208969,"date":"2026-03-04T01:33:04","date_gmt":"2026-03-04T00:33:04","guid":{"rendered":"https:\/\/grupotextil.es\/producto\/bidon-stamina-fafik-1968\/"},"modified":"2026-03-04T06:14:38","modified_gmt":"2026-03-04T05:14:38","slug":"bidon-stamina-fafik-1968","status":"publish","type":"product","link":"https:\/\/grupotextil.es\/ca\/product\/bidon-stamina-fafik-1968\/","title":{"rendered":"Bid\u00f3n Stamina Fafik 1968"},"content":{"rendered":"<p>Bid\u00f3n t\u00e9rmico elaborado en acero inoxidable 304 de doble pared con capacidad para 550 ml. Se caracteriza por su tap\u00f3n con funda elaborada en PP de dise\u00f1os deportivos. Cuerpo en blanco especialmente dise\u00f1ado para sublimaci\u00f3n. Su tapa con refuerzo de silicona conforma un sistema antigoteo que evita la p\u00e9rdida de l\u00edquidos alrededor.<\/p>","protected":false},"excerpt":{"rendered":"<p>Bid\u00f3n t\u00e9rmico elaborado en acero inoxidable 304 de doble pared con capacidad para 550 ml. Se caracteriza por su tap\u00f3n con funda elaborada en PP de dise\u00f1os deportivos. Cuerpo en blanco especialmente dise\u00f1ado para sublimaci\u00f3n. Su tapa con refuerzo de silicona conforma un sistema antigoteo que evita la p\u00e9rdida de l\u00edquidos alrededor.<\/p>","protected":false},"featured_media":208970,"comment_status":"open","ping_status":"closed","template":"","meta":{"_acf_changed":false},"product_brand":[14012],"product_cat":[13958,14006,13971],"product_tag":[],"class_list":{"0":"post-208969","1":"product","2":"type-product","3":"status-publish","4":"has-post-thumbnail","6":"product_brand-stamina","7":"product_cat-mr-botellas-y-termos","8":"product_cat-acc-merchandising","9":"product_cat-mr-tazas","10":"tm-no-options","12":"first","13":"outofstock","14":"taxable","15":"shipping-taxable","16":"product-type-variable"},"acf":[],"_links":{"self":[{"href":"https:\/\/grupotextil.es\/ca\/wp-json\/wp\/v2\/product\/208969","targetHints":{"allow":["GET"]}}],"collection":[{"href":"https:\/\/grupotextil.es\/ca\/wp-json\/wp\/v2\/product"}],"about":[{"href":"https:\/\/grupotextil.es\/ca\/wp-json\/wp\/v2\/types\/product"}],"replies":[{"embeddable":true,"href":"https:\/\/grupotextil.es\/ca\/wp-json\/wp\/v2\/comments?post=208969"}],"wp:featuredmedia":[{"embeddable":true,"href":"https:\/\/grupotextil.es\/ca\/wp-json\/wp\/v2\/media\/208970"}],"wp:attachment":[{"href":"https:\/\/grupotextil.es\/ca\/wp-json\/wp\/v2\/media?parent=208969"}],"wp:term":[{"taxonomy":"product_brand","embeddable":true,"href":"https:\/\/grupotextil.es\/ca\/wp-json\/wp\/v2\/product_brand?post=208969"},{"taxonomy":"product_cat","embeddable":true,"href":"https:\/\/grupotextil.es\/ca\/wp-json\/wp\/v2\/product_cat?post=208969"},{"taxonomy":"product_tag","embeddable":true,"href":"https:\/\/grupotextil.es\/ca\/wp-json\/wp\/v2\/product_tag?post=208969"}],"curies":[{"name":"wp","href":"https:\/\/api.w.org\/{rel}","templated":true}]}}