{"id":209106,"date":"2026-03-04T01:38:03","date_gmt":"2026-03-04T00:38:03","guid":{"rendered":"https:\/\/grupotextil.es\/producto\/sudadera-deportiva-roly-valier-0437ni-nino\/"},"modified":"2026-03-04T06:14:39","modified_gmt":"2026-03-04T05:14:39","slug":"sudadera-deportiva-roly-valier-0437ni-nino","status":"publish","type":"product","link":"https:\/\/grupotextil.es\/ca\/product\/sudadera-deportiva-roly-valier-0437ni-nino\/","title":{"rendered":"Sudadera Deportiva Roly Valier 0437NI Ni\u00f1o"},"content":{"rendered":"<p>Sudadera deportiva manga rangl\u00e1n de cuello alto y cremallera frontal. Rib 1\u00d71 en bajo, cuello y pu\u00f1os. Cubrecosturas de tejido principal. Detalle en cuello trasero y pu\u00f1o en tejido principal. Vivo reflectante en sisa rangl\u00e1n en delantero y espalda.<\/p>","protected":false},"excerpt":{"rendered":"<p>Sudadera deportiva manga rangl\u00e1n de cuello alto y cremallera frontal. Rib 1\u00d71 en bajo, cuello y pu\u00f1os. Cubrecosturas de tejido principal. Detalle en cuello trasero y pu\u00f1o en tejido principal. Vivo reflectante en sisa rangl\u00e1n en delantero y espalda.<\/p>","protected":false},"featured_media":209107,"comment_status":"open","ping_status":"closed","template":"","meta":{"_acf_changed":false},"product_brand":[14011],"product_cat":[14005,13939,13976,13973,13997],"product_tag":[],"class_list":{"0":"post-209106","1":"product","2":"type-product","3":"status-publish","4":"has-post-thumbnail","6":"product_brand-roly","7":"product_cat-rd-cortavientos","8":"product_cat-deportivo","9":"product_cat-ropa-nino","10":"product_cat-ropa","11":"product_cat-n-sudaderas","12":"tm-no-options","14":"first","15":"instock","16":"taxable","17":"shipping-taxable","18":"product-type-variable"},"acf":[],"_links":{"self":[{"href":"https:\/\/grupotextil.es\/ca\/wp-json\/wp\/v2\/product\/209106","targetHints":{"allow":["GET"]}}],"collection":[{"href":"https:\/\/grupotextil.es\/ca\/wp-json\/wp\/v2\/product"}],"about":[{"href":"https:\/\/grupotextil.es\/ca\/wp-json\/wp\/v2\/types\/product"}],"replies":[{"embeddable":true,"href":"https:\/\/grupotextil.es\/ca\/wp-json\/wp\/v2\/comments?post=209106"}],"wp:featuredmedia":[{"embeddable":true,"href":"https:\/\/grupotextil.es\/ca\/wp-json\/wp\/v2\/media\/209107"}],"wp:attachment":[{"href":"https:\/\/grupotextil.es\/ca\/wp-json\/wp\/v2\/media?parent=209106"}],"wp:term":[{"taxonomy":"product_brand","embeddable":true,"href":"https:\/\/grupotextil.es\/ca\/wp-json\/wp\/v2\/product_brand?post=209106"},{"taxonomy":"product_cat","embeddable":true,"href":"https:\/\/grupotextil.es\/ca\/wp-json\/wp\/v2\/product_cat?post=209106"},{"taxonomy":"product_tag","embeddable":true,"href":"https:\/\/grupotextil.es\/ca\/wp-json\/wp\/v2\/product_tag?post=209106"}],"curies":[{"name":"wp","href":"https:\/\/api.w.org\/{rel}","templated":true}]}}