{"id":209281,"date":"2026-03-04T01:39:45","date_gmt":"2026-03-04T00:39:45","guid":{"rendered":"https:\/\/grupotextil.es\/producto\/parka-termica-roly-emin-5707-hombre\/"},"modified":"2026-03-10T01:58:25","modified_gmt":"2026-03-10T00:58:25","slug":"parka-termica-roly-emin-5707-hombre","status":"publish","type":"product","link":"https:\/\/grupotextil.es\/ca\/product\/parka-termica-roly-emin-5707-hombre\/","title":{"rendered":"Parka T\u00e9rmica Roly Emin 5707 Hombre"},"content":{"rendered":"<p>Parka t\u00e9rmica deportiva acolchada y certificada para el fr\u00edo. Detalles reflectantes en hombros y espalda. Cremalleras termoselladas en pecho derecho y frontal. Dos bolsillos laterales con cremallera cubiertos por una tapeta del tejido principal. Bolsillo interno en el lado izquierdo. Mangas con cierre de velcro y pu\u00f1o ajustador en rib 1\u00d71. Acceso espalda para reprocesos. Capucha fija con ajustadores. (EN 14058:2017).<\/p>","protected":false},"excerpt":{"rendered":"<p>Parka t\u00e9rmica deportiva acolchada y certificada para el fr\u00edo. Detalles reflectantes en hombros y espalda. Cremalleras termoselladas en pecho derecho y frontal. Dos bolsillos laterales con cremallera cubiertos por una tapeta del tejido principal. Bolsillo interno en el lado izquierdo. Mangas con cierre de velcro y pu\u00f1o ajustador en rib 1\u00d71. Acceso espalda para reprocesos. Capucha fija con ajustadores. (EN 14058:2017).<\/p>","protected":false},"featured_media":209282,"comment_status":"open","ping_status":"closed","template":"","meta":{"_acf_changed":false},"product_brand":[14011],"product_cat":[13981,13974,13973],"product_tag":[],"class_list":{"0":"post-209281","1":"product","2":"type-product","3":"status-publish","4":"has-post-thumbnail","6":"product_brand-roly","7":"product_cat-h-chaquetas-y-abrigos","8":"product_cat-ropa-hombre","9":"product_cat-ropa","10":"tm-no-options","12":"first","13":"outofstock","14":"taxable","15":"shipping-taxable","16":"product-type-variable"},"acf":[],"_links":{"self":[{"href":"https:\/\/grupotextil.es\/ca\/wp-json\/wp\/v2\/product\/209281","targetHints":{"allow":["GET"]}}],"collection":[{"href":"https:\/\/grupotextil.es\/ca\/wp-json\/wp\/v2\/product"}],"about":[{"href":"https:\/\/grupotextil.es\/ca\/wp-json\/wp\/v2\/types\/product"}],"replies":[{"embeddable":true,"href":"https:\/\/grupotextil.es\/ca\/wp-json\/wp\/v2\/comments?post=209281"}],"wp:featuredmedia":[{"embeddable":true,"href":"https:\/\/grupotextil.es\/ca\/wp-json\/wp\/v2\/media\/209282"}],"wp:attachment":[{"href":"https:\/\/grupotextil.es\/ca\/wp-json\/wp\/v2\/media?parent=209281"}],"wp:term":[{"taxonomy":"product_brand","embeddable":true,"href":"https:\/\/grupotextil.es\/ca\/wp-json\/wp\/v2\/product_brand?post=209281"},{"taxonomy":"product_cat","embeddable":true,"href":"https:\/\/grupotextil.es\/ca\/wp-json\/wp\/v2\/product_cat?post=209281"},{"taxonomy":"product_tag","embeddable":true,"href":"https:\/\/grupotextil.es\/ca\/wp-json\/wp\/v2\/product_tag?post=209281"}],"curies":[{"name":"wp","href":"https:\/\/api.w.org\/{rel}","templated":true}]}}