{"id":209613,"date":"2026-03-04T01:43:10","date_gmt":"2026-03-04T00:43:10","guid":{"rendered":"https:\/\/grupotextil.es\/producto\/vaso-termico-stamina-kopik-1873\/"},"modified":"2026-03-04T06:14:41","modified_gmt":"2026-03-04T05:14:41","slug":"vaso-termico-stamina-kopik-1873","status":"publish","type":"product","link":"https:\/\/grupotextil.es\/ca\/product\/vaso-termico-stamina-kopik-1873\/","title":{"rendered":"Vaso T\u00e9rmico Stamina Kopik 1873"},"content":{"rendered":"<p>Vaso t\u00e9rmico de acero inoxidable 304 con doble pared. Su tapa est\u00e1 realizada en poliuretano y cuenta con un cierre de seguridad antifugas. Con capacidad para 350 ml.<\/p>","protected":false},"excerpt":{"rendered":"<p>Vaso t\u00e9rmico de acero inoxidable 304 con doble pared. Su tapa est\u00e1 realizada en poliuretano y cuenta con un cierre de seguridad antifugas. Con capacidad para 350 ml.<\/p>","protected":false},"featured_media":209614,"comment_status":"open","ping_status":"closed","template":"","meta":{"_acf_changed":false},"product_brand":[14012],"product_cat":[13958,14006,13971],"product_tag":[],"class_list":{"0":"post-209613","1":"product","2":"type-product","3":"status-publish","4":"has-post-thumbnail","6":"product_brand-stamina","7":"product_cat-mr-botellas-y-termos","8":"product_cat-acc-merchandising","9":"product_cat-mr-tazas","10":"tm-no-options","12":"first","13":"instock","14":"taxable","15":"shipping-taxable","16":"product-type-variable"},"acf":[],"_links":{"self":[{"href":"https:\/\/grupotextil.es\/ca\/wp-json\/wp\/v2\/product\/209613","targetHints":{"allow":["GET"]}}],"collection":[{"href":"https:\/\/grupotextil.es\/ca\/wp-json\/wp\/v2\/product"}],"about":[{"href":"https:\/\/grupotextil.es\/ca\/wp-json\/wp\/v2\/types\/product"}],"replies":[{"embeddable":true,"href":"https:\/\/grupotextil.es\/ca\/wp-json\/wp\/v2\/comments?post=209613"}],"wp:featuredmedia":[{"embeddable":true,"href":"https:\/\/grupotextil.es\/ca\/wp-json\/wp\/v2\/media\/209614"}],"wp:attachment":[{"href":"https:\/\/grupotextil.es\/ca\/wp-json\/wp\/v2\/media?parent=209613"}],"wp:term":[{"taxonomy":"product_brand","embeddable":true,"href":"https:\/\/grupotextil.es\/ca\/wp-json\/wp\/v2\/product_brand?post=209613"},{"taxonomy":"product_cat","embeddable":true,"href":"https:\/\/grupotextil.es\/ca\/wp-json\/wp\/v2\/product_cat?post=209613"},{"taxonomy":"product_tag","embeddable":true,"href":"https:\/\/grupotextil.es\/ca\/wp-json\/wp\/v2\/product_tag?post=209613"}],"curies":[{"name":"wp","href":"https:\/\/api.w.org\/{rel}","templated":true}]}}