{"id":209756,"date":"2026-03-04T01:46:27","date_gmt":"2026-03-04T00:46:27","guid":{"rendered":"https:\/\/grupotextil.es\/producto\/guantes-stamina-windsor-1909\/"},"modified":"2026-03-04T06:14:42","modified_gmt":"2026-03-04T05:14:42","slug":"guantes-stamina-windsor-1909","status":"publish","type":"product","link":"https:\/\/grupotextil.es\/ca\/product\/guantes-stamina-windsor-1909\/","title":{"rendered":"Guantes Stamina Windsor 1909"},"content":{"rendered":"<p>Guantes realizados en poli\u00e9ster reciclado con 3 dedos t\u00e1ctiles, coraz\u00f3n, \u00edndice y pulgar. La zona t\u00e1ctil est\u00e1 realizada en color a juego con el guante.<\/p>","protected":false},"excerpt":{"rendered":"<p>Guantes realizados en poli\u00e9ster reciclado con 3 dedos t\u00e1ctiles, coraz\u00f3n, \u00edndice y pulgar. La zona t\u00e1ctil est\u00e1 realizada en color a juego con el guante.<\/p>","protected":false},"featured_media":209757,"comment_status":"open","ping_status":"closed","template":"","meta":{"_acf_changed":false},"product_brand":[14012],"product_cat":[13973],"product_tag":[],"class_list":{"0":"post-209756","1":"product","2":"type-product","3":"status-publish","4":"has-post-thumbnail","6":"product_brand-stamina","7":"product_cat-ropa","8":"tm-no-options","10":"first","11":"instock","12":"taxable","13":"shipping-taxable","14":"product-type-variable"},"acf":[],"_links":{"self":[{"href":"https:\/\/grupotextil.es\/ca\/wp-json\/wp\/v2\/product\/209756","targetHints":{"allow":["GET"]}}],"collection":[{"href":"https:\/\/grupotextil.es\/ca\/wp-json\/wp\/v2\/product"}],"about":[{"href":"https:\/\/grupotextil.es\/ca\/wp-json\/wp\/v2\/types\/product"}],"replies":[{"embeddable":true,"href":"https:\/\/grupotextil.es\/ca\/wp-json\/wp\/v2\/comments?post=209756"}],"wp:featuredmedia":[{"embeddable":true,"href":"https:\/\/grupotextil.es\/ca\/wp-json\/wp\/v2\/media\/209757"}],"wp:attachment":[{"href":"https:\/\/grupotextil.es\/ca\/wp-json\/wp\/v2\/media?parent=209756"}],"wp:term":[{"taxonomy":"product_brand","embeddable":true,"href":"https:\/\/grupotextil.es\/ca\/wp-json\/wp\/v2\/product_brand?post=209756"},{"taxonomy":"product_cat","embeddable":true,"href":"https:\/\/grupotextil.es\/ca\/wp-json\/wp\/v2\/product_cat?post=209756"},{"taxonomy":"product_tag","embeddable":true,"href":"https:\/\/grupotextil.es\/ca\/wp-json\/wp\/v2\/product_tag?post=209756"}],"curies":[{"name":"wp","href":"https:\/\/api.w.org\/{rel}","templated":true}]}}