{"id":209779,"date":"2026-03-04T01:47:00","date_gmt":"2026-03-04T00:47:00","guid":{"rendered":"https:\/\/grupotextil.es\/producto\/gorro-navideno-stamina-redwin-1844\/"},"modified":"2026-03-04T06:14:42","modified_gmt":"2026-03-04T05:14:42","slug":"gorro-navideno-stamina-redwin-1844","status":"publish","type":"product","link":"https:\/\/grupotextil.es\/ca\/product\/gorro-navideno-stamina-redwin-1844\/","title":{"rendered":"Gorro Navide\u00f1o Stamina Redwin 1844"},"content":{"rendered":"<p>Gorro acr\u00edlico con dise\u00f1o navide\u00f1o. Su dise\u00f1o presenta un patr\u00f3n de copos de nieve, ideal para resaltar el esp\u00edritu festivo. Incluye un pomp\u00f3n decorativo en la parte superior y una banda frontal amplia para mayor ajuste y comodidad.<\/p>","protected":false},"excerpt":{"rendered":"<p>Gorro acr\u00edlico con dise\u00f1o navide\u00f1o. Su dise\u00f1o presenta un patr\u00f3n de copos de nieve, ideal para resaltar el esp\u00edritu festivo. Incluye un pomp\u00f3n decorativo en la parte superior y una banda frontal amplia para mayor ajuste y comodidad.<\/p>","protected":false},"featured_media":209780,"comment_status":"open","ping_status":"closed","template":"","meta":{"_acf_changed":false},"product_brand":[14012],"product_cat":[13973],"product_tag":[],"class_list":{"0":"post-209779","1":"product","2":"type-product","3":"status-publish","4":"has-post-thumbnail","6":"product_brand-stamina","7":"product_cat-ropa","8":"tm-no-options","10":"first","11":"outofstock","12":"taxable","13":"shipping-taxable","14":"product-type-variable"},"acf":[],"_links":{"self":[{"href":"https:\/\/grupotextil.es\/ca\/wp-json\/wp\/v2\/product\/209779","targetHints":{"allow":["GET"]}}],"collection":[{"href":"https:\/\/grupotextil.es\/ca\/wp-json\/wp\/v2\/product"}],"about":[{"href":"https:\/\/grupotextil.es\/ca\/wp-json\/wp\/v2\/types\/product"}],"replies":[{"embeddable":true,"href":"https:\/\/grupotextil.es\/ca\/wp-json\/wp\/v2\/comments?post=209779"}],"wp:featuredmedia":[{"embeddable":true,"href":"https:\/\/grupotextil.es\/ca\/wp-json\/wp\/v2\/media\/209780"}],"wp:attachment":[{"href":"https:\/\/grupotextil.es\/ca\/wp-json\/wp\/v2\/media?parent=209779"}],"wp:term":[{"taxonomy":"product_brand","embeddable":true,"href":"https:\/\/grupotextil.es\/ca\/wp-json\/wp\/v2\/product_brand?post=209779"},{"taxonomy":"product_cat","embeddable":true,"href":"https:\/\/grupotextil.es\/ca\/wp-json\/wp\/v2\/product_cat?post=209779"},{"taxonomy":"product_tag","embeddable":true,"href":"https:\/\/grupotextil.es\/ca\/wp-json\/wp\/v2\/product_tag?post=209779"}],"curies":[{"name":"wp","href":"https:\/\/api.w.org\/{rel}","templated":true}]}}