{"id":209786,"date":"2026-03-04T01:47:28","date_gmt":"2026-03-04T00:47:28","guid":{"rendered":"https:\/\/grupotextil.es\/producto\/set-calcetines-navidenos-stamina-frizer-1831\/"},"modified":"2026-03-04T06:14:42","modified_gmt":"2026-03-04T05:14:42","slug":"set-calcetines-navidenos-stamina-frizer-1831","status":"publish","type":"product","link":"https:\/\/grupotextil.es\/ca\/product\/set-calcetines-navidenos-stamina-frizer-1831\/","title":{"rendered":"Set Calcetines Navide\u00f1os Stamina Frizer 1831"},"content":{"rendered":"<p>Set de dos pares de calcetines con dise\u00f1os navide\u00f1os. Se presenta en caja de regalo con elgante dise\u00f1o, especialmente dise\u00f1ado para a\u00f1adir tu logo. Disponibles en tallas de 36-38 y 42-44.<\/p>","protected":false},"excerpt":{"rendered":"<p>Set de dos pares de calcetines con dise\u00f1os navide\u00f1os. Se presenta en caja de regalo con elgante dise\u00f1o, especialmente dise\u00f1ado para a\u00f1adir tu logo. Disponibles en tallas de 36-38 y 42-44.<\/p>","protected":false},"featured_media":209787,"comment_status":"open","ping_status":"closed","template":"","meta":{"_acf_changed":false},"product_brand":[14012],"product_cat":[13973],"product_tag":[],"class_list":{"0":"post-209786","1":"product","2":"type-product","3":"status-publish","4":"has-post-thumbnail","6":"product_brand-stamina","7":"product_cat-ropa","8":"tm-no-options","10":"first","11":"instock","12":"taxable","13":"shipping-taxable","14":"product-type-variable"},"acf":[],"_links":{"self":[{"href":"https:\/\/grupotextil.es\/ca\/wp-json\/wp\/v2\/product\/209786","targetHints":{"allow":["GET"]}}],"collection":[{"href":"https:\/\/grupotextil.es\/ca\/wp-json\/wp\/v2\/product"}],"about":[{"href":"https:\/\/grupotextil.es\/ca\/wp-json\/wp\/v2\/types\/product"}],"replies":[{"embeddable":true,"href":"https:\/\/grupotextil.es\/ca\/wp-json\/wp\/v2\/comments?post=209786"}],"wp:featuredmedia":[{"embeddable":true,"href":"https:\/\/grupotextil.es\/ca\/wp-json\/wp\/v2\/media\/209787"}],"wp:attachment":[{"href":"https:\/\/grupotextil.es\/ca\/wp-json\/wp\/v2\/media?parent=209786"}],"wp:term":[{"taxonomy":"product_brand","embeddable":true,"href":"https:\/\/grupotextil.es\/ca\/wp-json\/wp\/v2\/product_brand?post=209786"},{"taxonomy":"product_cat","embeddable":true,"href":"https:\/\/grupotextil.es\/ca\/wp-json\/wp\/v2\/product_cat?post=209786"},{"taxonomy":"product_tag","embeddable":true,"href":"https:\/\/grupotextil.es\/ca\/wp-json\/wp\/v2\/product_tag?post=209786"}],"curies":[{"name":"wp","href":"https:\/\/api.w.org\/{rel}","templated":true}]}}