{"id":209973,"date":"2026-03-04T01:54:33","date_gmt":"2026-03-04T00:54:33","guid":{"rendered":"https:\/\/grupotextil.es\/producto\/mochila-stamina-dakota-1866\/"},"modified":"2026-03-04T06:14:43","modified_gmt":"2026-03-04T05:14:43","slug":"mochila-stamina-dakota-1866","status":"publish","type":"product","link":"https:\/\/grupotextil.es\/ca\/product\/mochila-stamina-dakota-1866\/","title":{"rendered":"Mochila Stamina Dakota 1866"},"content":{"rendered":"<p>Mochila elaborada en poli\u00e9ster 150D. En el interior cuenta con un comaprtimento principal con un bolsillo doble con un separador acolchado dise\u00f1ado para el transporte de port\u00e1til de hasta 17\u2033, adem\u00e1s de incluir un bolsillo de menor tama\u00f1o con cremallera. Incorpora un bolsillo exterior con cremallera invisible para el transporte de enseres de menor tama\u00f1o. En los lateales incluye dos bolsillos invisibles, uno de ellos con cierre de cremallera, ambos de gran profundidad. Incluye cinta para trolley. Cuenta con asas y espaldas acolchadas para mayor comodidad. Es especialmente resistente gracias a su tejido, adem\u00e1s de ser una opci\u00f3n vers\u00e1til gracias a la disposici\u00f3n y caracter\u00edsticas de sus bolsillos.<\/p>","protected":false},"excerpt":{"rendered":"<p>Mochila elaborada en poli\u00e9ster 150D. En el interior cuenta con un comaprtimento principal con un bolsillo doble con un separador acolchado dise\u00f1ado para el transporte de port\u00e1til de hasta 17\u2033, adem\u00e1s de incluir un bolsillo de menor tama\u00f1o con cremallera. Incorpora un bolsillo exterior con cremallera invisible para el transporte de enseres de menor tama\u00f1o. En los lateales incluye dos bolsillos invisibles, uno de ellos con cierre de cremallera, ambos de gran profundidad. Incluye cinta para trolley. Cuenta con asas y espaldas acolchadas para mayor comodidad. Es especialmente resistente gracias a su tejido, adem\u00e1s de ser una opci\u00f3n vers\u00e1til gracias a la disposici\u00f3n y caracter\u00edsticas de sus bolsillos.<\/p>","protected":false},"featured_media":209974,"comment_status":"open","ping_status":"closed","template":"","meta":{"_acf_changed":false},"product_brand":[14012],"product_cat":[13954],"product_tag":[],"class_list":{"0":"post-209973","1":"product","2":"type-product","3":"status-publish","4":"has-post-thumbnail","6":"product_brand-stamina","7":"product_cat-acc-bolsas-y-mochilas","8":"tm-no-options","10":"first","11":"instock","12":"taxable","13":"shipping-taxable","14":"product-type-variable"},"acf":[],"_links":{"self":[{"href":"https:\/\/grupotextil.es\/ca\/wp-json\/wp\/v2\/product\/209973","targetHints":{"allow":["GET"]}}],"collection":[{"href":"https:\/\/grupotextil.es\/ca\/wp-json\/wp\/v2\/product"}],"about":[{"href":"https:\/\/grupotextil.es\/ca\/wp-json\/wp\/v2\/types\/product"}],"replies":[{"embeddable":true,"href":"https:\/\/grupotextil.es\/ca\/wp-json\/wp\/v2\/comments?post=209973"}],"wp:featuredmedia":[{"embeddable":true,"href":"https:\/\/grupotextil.es\/ca\/wp-json\/wp\/v2\/media\/209974"}],"wp:attachment":[{"href":"https:\/\/grupotextil.es\/ca\/wp-json\/wp\/v2\/media?parent=209973"}],"wp:term":[{"taxonomy":"product_brand","embeddable":true,"href":"https:\/\/grupotextil.es\/ca\/wp-json\/wp\/v2\/product_brand?post=209973"},{"taxonomy":"product_cat","embeddable":true,"href":"https:\/\/grupotextil.es\/ca\/wp-json\/wp\/v2\/product_cat?post=209973"},{"taxonomy":"product_tag","embeddable":true,"href":"https:\/\/grupotextil.es\/ca\/wp-json\/wp\/v2\/product_tag?post=209973"}],"curies":[{"name":"wp","href":"https:\/\/api.w.org\/{rel}","templated":true}]}}