{"id":210033,"date":"2026-03-04T01:57:07","date_gmt":"2026-03-04T00:57:07","guid":{"rendered":"https:\/\/grupotextil.es\/producto\/estuche-con-laminas-de-jabon-stamina-limpi-1905\/"},"modified":"2026-03-04T06:14:44","modified_gmt":"2026-03-04T05:14:44","slug":"estuche-con-laminas-de-jabon-stamina-limpi-1905","status":"publish","type":"product","link":"https:\/\/grupotextil.es\/ca\/product\/estuche-con-laminas-de-jabon-stamina-limpi-1905\/","title":{"rendered":"Estuche con L\u00e1minas de Jab\u00f3n Stamina Limpi 1905"},"content":{"rendered":"<p>Estuche con&nbsp;25 l\u00e1minas de jab\u00f3n perfumado. Una opci\u00f3n perfecta para llevar en el bolso o neceser para cualquier ocasi\u00f3n. Con un poco de agua, las l\u00e1minas se convierten en espuma para poder lavarte las manos en cualquier lugar. Ideal para excursiones o viajes.<\/p>","protected":false},"excerpt":{"rendered":"<p>Estuche con&nbsp;25 l\u00e1minas de jab\u00f3n perfumado. Una opci\u00f3n perfecta para llevar en el bolso o neceser para cualquier ocasi\u00f3n. Con un poco de agua, las l\u00e1minas se convierten en espuma para poder lavarte las manos en cualquier lugar. Ideal para excursiones o viajes.<\/p>","protected":false},"featured_media":210034,"comment_status":"open","ping_status":"closed","template":"","meta":{"_acf_changed":false},"product_brand":[14012],"product_cat":[13973],"product_tag":[],"class_list":{"0":"post-210033","1":"product","2":"type-product","3":"status-publish","4":"has-post-thumbnail","6":"product_brand-stamina","7":"product_cat-ropa","8":"tm-no-options","10":"first","11":"instock","12":"taxable","13":"shipping-taxable","14":"product-type-variable"},"acf":[],"_links":{"self":[{"href":"https:\/\/grupotextil.es\/ca\/wp-json\/wp\/v2\/product\/210033","targetHints":{"allow":["GET"]}}],"collection":[{"href":"https:\/\/grupotextil.es\/ca\/wp-json\/wp\/v2\/product"}],"about":[{"href":"https:\/\/grupotextil.es\/ca\/wp-json\/wp\/v2\/types\/product"}],"replies":[{"embeddable":true,"href":"https:\/\/grupotextil.es\/ca\/wp-json\/wp\/v2\/comments?post=210033"}],"wp:featuredmedia":[{"embeddable":true,"href":"https:\/\/grupotextil.es\/ca\/wp-json\/wp\/v2\/media\/210034"}],"wp:attachment":[{"href":"https:\/\/grupotextil.es\/ca\/wp-json\/wp\/v2\/media?parent=210033"}],"wp:term":[{"taxonomy":"product_brand","embeddable":true,"href":"https:\/\/grupotextil.es\/ca\/wp-json\/wp\/v2\/product_brand?post=210033"},{"taxonomy":"product_cat","embeddable":true,"href":"https:\/\/grupotextil.es\/ca\/wp-json\/wp\/v2\/product_cat?post=210033"},{"taxonomy":"product_tag","embeddable":true,"href":"https:\/\/grupotextil.es\/ca\/wp-json\/wp\/v2\/product_tag?post=210033"}],"curies":[{"name":"wp","href":"https:\/\/api.w.org\/{rel}","templated":true}]}}