{"id":210045,"date":"2026-03-04T01:57:26","date_gmt":"2026-03-04T00:57:26","guid":{"rendered":"https:\/\/grupotextil.es\/producto\/tarjetero-magnetico-stamina-karty-1906\/"},"modified":"2026-03-04T06:14:44","modified_gmt":"2026-03-04T05:14:44","slug":"tarjetero-magnetico-stamina-karty-1906","status":"publish","type":"product","link":"https:\/\/grupotextil.es\/ca\/product\/tarjetero-magnetico-stamina-karty-1906\/","title":{"rendered":"Tarjetero Magn\u00e9tico Stamina Karty 1906"},"content":{"rendered":"<p>Tarjetero magn\u00e9tico plegable elaborado en RPET. Accesorio ideal para llevar tus tarjetas junto a tu tel\u00e9fono gracias a su sistema magn\u00e9tico. Con tres compartimentos interiores y uno exterior para distintas tarjetas.<\/p>","protected":false},"excerpt":{"rendered":"<p>Tarjetero magn\u00e9tico plegable elaborado en RPET. Accesorio ideal para llevar tus tarjetas junto a tu tel\u00e9fono gracias a su sistema magn\u00e9tico. Con tres compartimentos interiores y uno exterior para distintas tarjetas.<\/p>","protected":false},"featured_media":210046,"comment_status":"open","ping_status":"closed","template":"","meta":{"_acf_changed":false},"product_brand":[14012],"product_cat":[13948],"product_tag":[],"class_list":{"0":"post-210045","1":"product","2":"type-product","3":"status-publish","4":"has-post-thumbnail","6":"product_brand-stamina","7":"product_cat-accesorios","8":"tm-no-options","10":"first","11":"instock","12":"taxable","13":"shipping-taxable","14":"product-type-variable"},"acf":[],"_links":{"self":[{"href":"https:\/\/grupotextil.es\/ca\/wp-json\/wp\/v2\/product\/210045","targetHints":{"allow":["GET"]}}],"collection":[{"href":"https:\/\/grupotextil.es\/ca\/wp-json\/wp\/v2\/product"}],"about":[{"href":"https:\/\/grupotextil.es\/ca\/wp-json\/wp\/v2\/types\/product"}],"replies":[{"embeddable":true,"href":"https:\/\/grupotextil.es\/ca\/wp-json\/wp\/v2\/comments?post=210045"}],"wp:featuredmedia":[{"embeddable":true,"href":"https:\/\/grupotextil.es\/ca\/wp-json\/wp\/v2\/media\/210046"}],"wp:attachment":[{"href":"https:\/\/grupotextil.es\/ca\/wp-json\/wp\/v2\/media?parent=210045"}],"wp:term":[{"taxonomy":"product_brand","embeddable":true,"href":"https:\/\/grupotextil.es\/ca\/wp-json\/wp\/v2\/product_brand?post=210045"},{"taxonomy":"product_cat","embeddable":true,"href":"https:\/\/grupotextil.es\/ca\/wp-json\/wp\/v2\/product_cat?post=210045"},{"taxonomy":"product_tag","embeddable":true,"href":"https:\/\/grupotextil.es\/ca\/wp-json\/wp\/v2\/product_tag?post=210045"}],"curies":[{"name":"wp","href":"https:\/\/api.w.org\/{rel}","templated":true}]}}