{"id":210057,"date":"2026-03-04T01:57:56","date_gmt":"2026-03-04T00:57:56","guid":{"rendered":"https:\/\/grupotextil.es\/producto\/bateria-externa-10000-mah-stamina-conway-1890\/"},"modified":"2026-03-04T06:14:44","modified_gmt":"2026-03-04T05:14:44","slug":"bateria-externa-10000-mah-stamina-conway-1890","status":"publish","type":"product","link":"https:\/\/grupotextil.es\/ca\/product\/bateria-externa-10000-mah-stamina-conway-1890\/","title":{"rendered":"Bater\u00eda Externa 10,000 mAh Stamina Conway 1890"},"content":{"rendered":"<p>Bater\u00eda externa de 10.000 mAh y carga r\u00e1pida de 20W, con cuerpo elaborado en ABS reciclado de t\u00e1cto suave. Incluye pantalla con indicador de carga. Cuenta con dos salidas tipo C y una USB. Adem\u00e1s, incluye cable Tipo C y Lighting integrados.<\/p>","protected":false},"excerpt":{"rendered":"<p>Bater\u00eda externa de 10.000 mAh y carga r\u00e1pida de 20W, con cuerpo elaborado en ABS reciclado de t\u00e1cto suave. Incluye pantalla con indicador de carga. Cuenta con dos salidas tipo C y una USB. Adem\u00e1s, incluye cable Tipo C y Lighting integrados.<\/p>","protected":false},"featured_media":210058,"comment_status":"open","ping_status":"closed","template":"","meta":{"_acf_changed":false},"product_brand":[14012],"product_cat":[14006,13959],"product_tag":[],"class_list":{"0":"post-210057","1":"product","2":"type-product","3":"status-publish","4":"has-post-thumbnail","6":"product_brand-stamina","7":"product_cat-acc-merchandising","8":"product_cat-mr-tecnologia","9":"tm-no-options","11":"first","12":"instock","13":"taxable","14":"shipping-taxable","15":"product-type-variable"},"acf":[],"_links":{"self":[{"href":"https:\/\/grupotextil.es\/ca\/wp-json\/wp\/v2\/product\/210057","targetHints":{"allow":["GET"]}}],"collection":[{"href":"https:\/\/grupotextil.es\/ca\/wp-json\/wp\/v2\/product"}],"about":[{"href":"https:\/\/grupotextil.es\/ca\/wp-json\/wp\/v2\/types\/product"}],"replies":[{"embeddable":true,"href":"https:\/\/grupotextil.es\/ca\/wp-json\/wp\/v2\/comments?post=210057"}],"wp:featuredmedia":[{"embeddable":true,"href":"https:\/\/grupotextil.es\/ca\/wp-json\/wp\/v2\/media\/210058"}],"wp:attachment":[{"href":"https:\/\/grupotextil.es\/ca\/wp-json\/wp\/v2\/media?parent=210057"}],"wp:term":[{"taxonomy":"product_brand","embeddable":true,"href":"https:\/\/grupotextil.es\/ca\/wp-json\/wp\/v2\/product_brand?post=210057"},{"taxonomy":"product_cat","embeddable":true,"href":"https:\/\/grupotextil.es\/ca\/wp-json\/wp\/v2\/product_cat?post=210057"},{"taxonomy":"product_tag","embeddable":true,"href":"https:\/\/grupotextil.es\/ca\/wp-json\/wp\/v2\/product_tag?post=210057"}],"curies":[{"name":"wp","href":"https:\/\/api.w.org\/{rel}","templated":true}]}}