{"id":210066,"date":"2026-03-04T01:58:14","date_gmt":"2026-03-04T00:58:14","guid":{"rendered":"https:\/\/grupotextil.es\/producto\/set-de-viaje-stamina-logan-1901\/"},"modified":"2026-03-04T06:14:44","modified_gmt":"2026-03-04T05:14:44","slug":"set-de-viaje-stamina-logan-1901","status":"publish","type":"product","link":"https:\/\/grupotextil.es\/ca\/product\/set-de-viaje-stamina-logan-1901\/","title":{"rendered":"Set De Viaje Stamina Logan 1901"},"content":{"rendered":"<p>Set de tres envases especialmente dise\u00f1ados para utilizar en viajes gracias a su peque\u00f1o formato. Cada botella es de un color, facilitando la distinci\u00f3n de los productos que contienen. Adem\u00e1s, incluye un neceser transparente para su c\u00f3modo transporte.<\/p>","protected":false},"excerpt":{"rendered":"<p>Set de tres envases especialmente dise\u00f1ados para utilizar en viajes gracias a su peque\u00f1o formato. Cada botella es de un color, facilitando la distinci\u00f3n de los productos que contienen. Adem\u00e1s, incluye un neceser transparente para su c\u00f3modo transporte.<\/p>","protected":false},"featured_media":210067,"comment_status":"open","ping_status":"closed","template":"","meta":{"_acf_changed":false},"product_brand":[14012],"product_cat":[13973],"product_tag":[],"class_list":{"0":"post-210066","1":"product","2":"type-product","3":"status-publish","4":"has-post-thumbnail","6":"product_brand-stamina","7":"product_cat-ropa","8":"tm-no-options","10":"first","11":"instock","12":"taxable","13":"shipping-taxable","14":"product-type-variable"},"acf":[],"_links":{"self":[{"href":"https:\/\/grupotextil.es\/ca\/wp-json\/wp\/v2\/product\/210066","targetHints":{"allow":["GET"]}}],"collection":[{"href":"https:\/\/grupotextil.es\/ca\/wp-json\/wp\/v2\/product"}],"about":[{"href":"https:\/\/grupotextil.es\/ca\/wp-json\/wp\/v2\/types\/product"}],"replies":[{"embeddable":true,"href":"https:\/\/grupotextil.es\/ca\/wp-json\/wp\/v2\/comments?post=210066"}],"wp:featuredmedia":[{"embeddable":true,"href":"https:\/\/grupotextil.es\/ca\/wp-json\/wp\/v2\/media\/210067"}],"wp:attachment":[{"href":"https:\/\/grupotextil.es\/ca\/wp-json\/wp\/v2\/media?parent=210066"}],"wp:term":[{"taxonomy":"product_brand","embeddable":true,"href":"https:\/\/grupotextil.es\/ca\/wp-json\/wp\/v2\/product_brand?post=210066"},{"taxonomy":"product_cat","embeddable":true,"href":"https:\/\/grupotextil.es\/ca\/wp-json\/wp\/v2\/product_cat?post=210066"},{"taxonomy":"product_tag","embeddable":true,"href":"https:\/\/grupotextil.es\/ca\/wp-json\/wp\/v2\/product_tag?post=210066"}],"curies":[{"name":"wp","href":"https:\/\/api.w.org\/{rel}","templated":true}]}}