{"id":210078,"date":"2026-03-04T01:58:45","date_gmt":"2026-03-04T00:58:45","guid":{"rendered":"https:\/\/grupotextil.es\/producto\/bloc-de-notas-a5-stamina-marion-1166\/"},"modified":"2026-03-04T06:14:44","modified_gmt":"2026-03-04T05:14:44","slug":"bloc-de-notas-a5-stamina-marion-1166","status":"publish","type":"product","link":"https:\/\/grupotextil.es\/ca\/product\/bloc-de-notas-a5-stamina-marion-1166\/","title":{"rendered":"Bloc De Notas A5 Stamina Marion 1166"},"content":{"rendered":"<p>Bloc de notas tama\u00f1o A5 elaborado en PU reciclado de hojas lisas con soporte imantado para smartphone y bol\u00edgrafo. Cuenta con marcap\u00e1ginas, cierre el\u00e1stico y soporte para bol\u00edgrafo en el lateral en color a conjunto del exterior de la libreta.<\/p>","protected":false},"excerpt":{"rendered":"<p>Bloc de notas tama\u00f1o A5 elaborado en PU reciclado de hojas lisas con soporte imantado para smartphone y bol\u00edgrafo. Cuenta con marcap\u00e1ginas, cierre el\u00e1stico y soporte para bol\u00edgrafo en el lateral en color a conjunto del exterior de la libreta.<\/p>","protected":false},"featured_media":210079,"comment_status":"open","ping_status":"closed","template":"","meta":{"_acf_changed":false},"product_brand":[14012],"product_cat":[14006,13972],"product_tag":[],"class_list":{"0":"post-210078","1":"product","2":"type-product","3":"status-publish","4":"has-post-thumbnail","6":"product_brand-stamina","7":"product_cat-acc-merchandising","8":"product_cat-oficina-y-escritura","9":"tm-no-options","11":"first","12":"instock","13":"taxable","14":"shipping-taxable","15":"product-type-variable"},"acf":[],"_links":{"self":[{"href":"https:\/\/grupotextil.es\/ca\/wp-json\/wp\/v2\/product\/210078","targetHints":{"allow":["GET"]}}],"collection":[{"href":"https:\/\/grupotextil.es\/ca\/wp-json\/wp\/v2\/product"}],"about":[{"href":"https:\/\/grupotextil.es\/ca\/wp-json\/wp\/v2\/types\/product"}],"replies":[{"embeddable":true,"href":"https:\/\/grupotextil.es\/ca\/wp-json\/wp\/v2\/comments?post=210078"}],"wp:featuredmedia":[{"embeddable":true,"href":"https:\/\/grupotextil.es\/ca\/wp-json\/wp\/v2\/media\/210079"}],"wp:attachment":[{"href":"https:\/\/grupotextil.es\/ca\/wp-json\/wp\/v2\/media?parent=210078"}],"wp:term":[{"taxonomy":"product_brand","embeddable":true,"href":"https:\/\/grupotextil.es\/ca\/wp-json\/wp\/v2\/product_brand?post=210078"},{"taxonomy":"product_cat","embeddable":true,"href":"https:\/\/grupotextil.es\/ca\/wp-json\/wp\/v2\/product_cat?post=210078"},{"taxonomy":"product_tag","embeddable":true,"href":"https:\/\/grupotextil.es\/ca\/wp-json\/wp\/v2\/product_tag?post=210078"}],"curies":[{"name":"wp","href":"https:\/\/api.w.org\/{rel}","templated":true}]}}