{"id":210103,"date":"2026-03-04T01:59:44","date_gmt":"2026-03-04T00:59:44","guid":{"rendered":"https:\/\/grupotextil.es\/producto\/taza-con-base-stamina-geisa-1840\/"},"modified":"2026-03-04T06:14:44","modified_gmt":"2026-03-04T05:14:44","slug":"taza-con-base-stamina-geisa-1840","status":"publish","type":"product","link":"https:\/\/grupotextil.es\/ca\/product\/taza-con-base-stamina-geisa-1840\/","title":{"rendered":"Taza con Base Stamina Geisa 1840"},"content":{"rendered":"<p>Taza de cer\u00e1mica con acabado exterior en mate, asa de dise\u00f1o irregular y base elaborada en bamb\u00fa. Con capacidad de 180 ml y posavasos de bamb\u00fa con troquelado para su ajuste. Su interior est\u00e1 elaborado con un acabado en brillo para mayor resistencia y durabilidad.&nbsp;Dise\u00f1o especial para sublimaci\u00f3n.<\/p>","protected":false},"excerpt":{"rendered":"<p>Taza de cer\u00e1mica con acabado exterior en mate, asa de dise\u00f1o irregular y base elaborada en bamb\u00fa. Con capacidad de 180 ml y posavasos de bamb\u00fa con troquelado para su ajuste. Su interior est\u00e1 elaborado con un acabado en brillo para mayor resistencia y durabilidad.&nbsp;Dise\u00f1o especial para sublimaci\u00f3n.<\/p>","protected":false},"featured_media":210104,"comment_status":"open","ping_status":"closed","template":"","meta":{"_acf_changed":false},"product_brand":[14012],"product_cat":[14006,13971],"product_tag":[],"class_list":{"0":"post-210103","1":"product","2":"type-product","3":"status-publish","4":"has-post-thumbnail","6":"product_brand-stamina","7":"product_cat-acc-merchandising","8":"product_cat-mr-tazas","9":"tm-no-options","11":"first","12":"instock","13":"taxable","14":"shipping-taxable","15":"product-type-variable"},"acf":[],"_links":{"self":[{"href":"https:\/\/grupotextil.es\/ca\/wp-json\/wp\/v2\/product\/210103","targetHints":{"allow":["GET"]}}],"collection":[{"href":"https:\/\/grupotextil.es\/ca\/wp-json\/wp\/v2\/product"}],"about":[{"href":"https:\/\/grupotextil.es\/ca\/wp-json\/wp\/v2\/types\/product"}],"replies":[{"embeddable":true,"href":"https:\/\/grupotextil.es\/ca\/wp-json\/wp\/v2\/comments?post=210103"}],"wp:featuredmedia":[{"embeddable":true,"href":"https:\/\/grupotextil.es\/ca\/wp-json\/wp\/v2\/media\/210104"}],"wp:attachment":[{"href":"https:\/\/grupotextil.es\/ca\/wp-json\/wp\/v2\/media?parent=210103"}],"wp:term":[{"taxonomy":"product_brand","embeddable":true,"href":"https:\/\/grupotextil.es\/ca\/wp-json\/wp\/v2\/product_brand?post=210103"},{"taxonomy":"product_cat","embeddable":true,"href":"https:\/\/grupotextil.es\/ca\/wp-json\/wp\/v2\/product_cat?post=210103"},{"taxonomy":"product_tag","embeddable":true,"href":"https:\/\/grupotextil.es\/ca\/wp-json\/wp\/v2\/product_tag?post=210103"}],"curies":[{"name":"wp","href":"https:\/\/api.w.org\/{rel}","templated":true}]}}