{"id":210220,"date":"2026-03-04T02:02:17","date_gmt":"2026-03-04T01:02:17","guid":{"rendered":"https:\/\/grupotextil.es\/producto\/bolsa-plegable-stamina-weland-1842\/"},"modified":"2026-03-04T06:14:45","modified_gmt":"2026-03-04T05:14:45","slug":"bolsa-plegable-stamina-weland-1842","status":"publish","type":"product","link":"https:\/\/grupotextil.es\/ca\/product\/bolsa-plegable-stamina-weland-1842\/","title":{"rendered":"Bolsa Plegable Stamina Weland 1842"},"content":{"rendered":"<p>Bolsa de la compra plegable elaborada en suave poli\u00e9ster 190T. Con un dise\u00f1o en forma de calcet\u00edn navide\u00f1o cosido a la bolsa que, a su vez, sirve para guardar la bolsa dentro de \u00e9l. Con asas y mosquet\u00f3n para trasporte.<\/p>","protected":false},"excerpt":{"rendered":"<p>Bolsa de la compra plegable elaborada en suave poli\u00e9ster 190T. Con un dise\u00f1o en forma de calcet\u00edn navide\u00f1o cosido a la bolsa que, a su vez, sirve para guardar la bolsa dentro de \u00e9l. Con asas y mosquet\u00f3n para trasporte.<\/p>","protected":false},"featured_media":210221,"comment_status":"open","ping_status":"closed","template":"","meta":{"_acf_changed":false},"product_brand":[14012],"product_cat":[13954],"product_tag":[],"class_list":{"0":"post-210220","1":"product","2":"type-product","3":"status-publish","4":"has-post-thumbnail","6":"product_brand-stamina","7":"product_cat-acc-bolsas-y-mochilas","8":"tm-no-options","10":"first","11":"instock","12":"taxable","13":"shipping-taxable","14":"product-type-variable"},"acf":[],"_links":{"self":[{"href":"https:\/\/grupotextil.es\/ca\/wp-json\/wp\/v2\/product\/210220","targetHints":{"allow":["GET"]}}],"collection":[{"href":"https:\/\/grupotextil.es\/ca\/wp-json\/wp\/v2\/product"}],"about":[{"href":"https:\/\/grupotextil.es\/ca\/wp-json\/wp\/v2\/types\/product"}],"replies":[{"embeddable":true,"href":"https:\/\/grupotextil.es\/ca\/wp-json\/wp\/v2\/comments?post=210220"}],"wp:featuredmedia":[{"embeddable":true,"href":"https:\/\/grupotextil.es\/ca\/wp-json\/wp\/v2\/media\/210221"}],"wp:attachment":[{"href":"https:\/\/grupotextil.es\/ca\/wp-json\/wp\/v2\/media?parent=210220"}],"wp:term":[{"taxonomy":"product_brand","embeddable":true,"href":"https:\/\/grupotextil.es\/ca\/wp-json\/wp\/v2\/product_brand?post=210220"},{"taxonomy":"product_cat","embeddable":true,"href":"https:\/\/grupotextil.es\/ca\/wp-json\/wp\/v2\/product_cat?post=210220"},{"taxonomy":"product_tag","embeddable":true,"href":"https:\/\/grupotextil.es\/ca\/wp-json\/wp\/v2\/product_tag?post=210220"}],"curies":[{"name":"wp","href":"https:\/\/api.w.org\/{rel}","templated":true}]}}