{"id":210298,"date":"2026-03-04T02:06:32","date_gmt":"2026-03-04T01:06:32","guid":{"rendered":"https:\/\/grupotextil.es\/producto\/parche-termico-de-gel-stamina-warmix-1850\/"},"modified":"2026-03-04T06:14:46","modified_gmt":"2026-03-04T05:14:46","slug":"parche-termico-de-gel-stamina-warmix-1850","status":"publish","type":"product","link":"https:\/\/grupotextil.es\/ca\/product\/parche-termico-de-gel-stamina-warmix-1850\/","title":{"rendered":"Parche T\u00e9rmico de Gel Stamina Warmix 1850"},"content":{"rendered":"<p>Parche t\u00e9rmico de gel. Su activaci\u00f3n se produce al pulsar la chapa met\u00e1lica de su interior, que hace que se produzca calor autom\u00e1ticamente en pocos segundos. Es reutilizable, se introduce en agua caliente hasta que el gel vuelva a convertirse en l\u00edquido y volver as\u00ed a su forma original. Ideal para alivio muscular localizado.<\/p>","protected":false},"excerpt":{"rendered":"<p>Parche t\u00e9rmico de gel. Su activaci\u00f3n se produce al pulsar la chapa met\u00e1lica de su interior, que hace que se produzca calor autom\u00e1ticamente en pocos segundos. Es reutilizable, se introduce en agua caliente hasta que el gel vuelva a convertirse en l\u00edquido y volver as\u00ed a su forma original. Ideal para alivio muscular localizado.<\/p>","protected":false},"featured_media":210299,"comment_status":"open","ping_status":"closed","template":"","meta":{"_acf_changed":false},"product_brand":[14012],"product_cat":[13973],"product_tag":[],"class_list":{"0":"post-210298","1":"product","2":"type-product","3":"status-publish","4":"has-post-thumbnail","6":"product_brand-stamina","7":"product_cat-ropa","8":"tm-no-options","10":"first","11":"instock","12":"taxable","13":"shipping-taxable","14":"product-type-variable"},"acf":[],"_links":{"self":[{"href":"https:\/\/grupotextil.es\/ca\/wp-json\/wp\/v2\/product\/210298","targetHints":{"allow":["GET"]}}],"collection":[{"href":"https:\/\/grupotextil.es\/ca\/wp-json\/wp\/v2\/product"}],"about":[{"href":"https:\/\/grupotextil.es\/ca\/wp-json\/wp\/v2\/types\/product"}],"replies":[{"embeddable":true,"href":"https:\/\/grupotextil.es\/ca\/wp-json\/wp\/v2\/comments?post=210298"}],"wp:featuredmedia":[{"embeddable":true,"href":"https:\/\/grupotextil.es\/ca\/wp-json\/wp\/v2\/media\/210299"}],"wp:attachment":[{"href":"https:\/\/grupotextil.es\/ca\/wp-json\/wp\/v2\/media?parent=210298"}],"wp:term":[{"taxonomy":"product_brand","embeddable":true,"href":"https:\/\/grupotextil.es\/ca\/wp-json\/wp\/v2\/product_brand?post=210298"},{"taxonomy":"product_cat","embeddable":true,"href":"https:\/\/grupotextil.es\/ca\/wp-json\/wp\/v2\/product_cat?post=210298"},{"taxonomy":"product_tag","embeddable":true,"href":"https:\/\/grupotextil.es\/ca\/wp-json\/wp\/v2\/product_tag?post=210298"}],"curies":[{"name":"wp","href":"https:\/\/api.w.org\/{rel}","templated":true}]}}