{"id":210335,"date":"2026-03-04T02:07:43","date_gmt":"2026-03-04T01:07:43","guid":{"rendered":"https:\/\/grupotextil.es\/producto\/cargador-inalambrico-stamina-titanus-1833\/"},"modified":"2026-03-04T06:14:46","modified_gmt":"2026-03-04T05:14:46","slug":"cargador-inalambrico-stamina-titanus-1833","status":"publish","type":"product","link":"https:\/\/grupotextil.es\/ca\/product\/cargador-inalambrico-stamina-titanus-1833\/","title":{"rendered":"Cargador Inal\u00e1mbrico Stamina Titanus 1833"},"content":{"rendered":"<p>Base de carga inal\u00e1mbrica con l\u00e1mpara incorporada. Carga r\u00e1pida 15W. Cuenta con dos salidas para carga mediante cable Tipo C y una para cable USB. Con conexi\u00f3n a corriente mediante cable Tipo C, incluido.<\/p>","protected":false},"excerpt":{"rendered":"<p>Base de carga inal\u00e1mbrica con l\u00e1mpara incorporada. Carga r\u00e1pida 15W. Cuenta con dos salidas para carga mediante cable Tipo C y una para cable USB. Con conexi\u00f3n a corriente mediante cable Tipo C, incluido.<\/p>","protected":false},"featured_media":210336,"comment_status":"open","ping_status":"closed","template":"","meta":{"_acf_changed":false},"product_brand":[14012],"product_cat":[14006,13959],"product_tag":[],"class_list":{"0":"post-210335","1":"product","2":"type-product","3":"status-publish","4":"has-post-thumbnail","6":"product_brand-stamina","7":"product_cat-acc-merchandising","8":"product_cat-mr-tecnologia","9":"tm-no-options","11":"first","12":"instock","13":"taxable","14":"shipping-taxable","15":"product-type-variable"},"acf":[],"_links":{"self":[{"href":"https:\/\/grupotextil.es\/ca\/wp-json\/wp\/v2\/product\/210335","targetHints":{"allow":["GET"]}}],"collection":[{"href":"https:\/\/grupotextil.es\/ca\/wp-json\/wp\/v2\/product"}],"about":[{"href":"https:\/\/grupotextil.es\/ca\/wp-json\/wp\/v2\/types\/product"}],"replies":[{"embeddable":true,"href":"https:\/\/grupotextil.es\/ca\/wp-json\/wp\/v2\/comments?post=210335"}],"wp:featuredmedia":[{"embeddable":true,"href":"https:\/\/grupotextil.es\/ca\/wp-json\/wp\/v2\/media\/210336"}],"wp:attachment":[{"href":"https:\/\/grupotextil.es\/ca\/wp-json\/wp\/v2\/media?parent=210335"}],"wp:term":[{"taxonomy":"product_brand","embeddable":true,"href":"https:\/\/grupotextil.es\/ca\/wp-json\/wp\/v2\/product_brand?post=210335"},{"taxonomy":"product_cat","embeddable":true,"href":"https:\/\/grupotextil.es\/ca\/wp-json\/wp\/v2\/product_cat?post=210335"},{"taxonomy":"product_tag","embeddable":true,"href":"https:\/\/grupotextil.es\/ca\/wp-json\/wp\/v2\/product_tag?post=210335"}],"curies":[{"name":"wp","href":"https:\/\/api.w.org\/{rel}","templated":true}]}}