{"id":210341,"date":"2026-03-04T02:08:00","date_gmt":"2026-03-04T01:08:00","guid":{"rendered":"https:\/\/grupotextil.es\/producto\/set-de-colores-stamina-patley-1874\/"},"modified":"2026-03-04T06:14:46","modified_gmt":"2026-03-04T05:14:46","slug":"set-de-colores-stamina-patley-1874","status":"publish","type":"product","link":"https:\/\/grupotextil.es\/ca\/product\/set-de-colores-stamina-patley-1874\/","title":{"rendered":"Set de Colores Stamina Patley 1874"},"content":{"rendered":"<p>Set infantil compuesto por un bloc con 8 hojas con dibujos variados para colorear, 10 ceras de colores y 10 l\u00e1pices de madera, para que los m\u00e1s peque\u00f1os se diviertan pintando.<\/p>","protected":false},"excerpt":{"rendered":"<p>Set infantil compuesto por un bloc con 8 hojas con dibujos variados para colorear, 10 ceras de colores y 10 l\u00e1pices de madera, para que los m\u00e1s peque\u00f1os se diviertan pintando.<\/p>","protected":false},"featured_media":210342,"comment_status":"open","ping_status":"closed","template":"","meta":{"_acf_changed":false},"product_brand":[14012],"product_cat":[14006,13972],"product_tag":[],"class_list":{"0":"post-210341","1":"product","2":"type-product","3":"status-publish","4":"has-post-thumbnail","6":"product_brand-stamina","7":"product_cat-acc-merchandising","8":"product_cat-oficina-y-escritura","9":"tm-no-options","11":"first","12":"instock","13":"taxable","14":"shipping-taxable","15":"product-type-variable"},"acf":[],"_links":{"self":[{"href":"https:\/\/grupotextil.es\/ca\/wp-json\/wp\/v2\/product\/210341","targetHints":{"allow":["GET"]}}],"collection":[{"href":"https:\/\/grupotextil.es\/ca\/wp-json\/wp\/v2\/product"}],"about":[{"href":"https:\/\/grupotextil.es\/ca\/wp-json\/wp\/v2\/types\/product"}],"replies":[{"embeddable":true,"href":"https:\/\/grupotextil.es\/ca\/wp-json\/wp\/v2\/comments?post=210341"}],"wp:featuredmedia":[{"embeddable":true,"href":"https:\/\/grupotextil.es\/ca\/wp-json\/wp\/v2\/media\/210342"}],"wp:attachment":[{"href":"https:\/\/grupotextil.es\/ca\/wp-json\/wp\/v2\/media?parent=210341"}],"wp:term":[{"taxonomy":"product_brand","embeddable":true,"href":"https:\/\/grupotextil.es\/ca\/wp-json\/wp\/v2\/product_brand?post=210341"},{"taxonomy":"product_cat","embeddable":true,"href":"https:\/\/grupotextil.es\/ca\/wp-json\/wp\/v2\/product_cat?post=210341"},{"taxonomy":"product_tag","embeddable":true,"href":"https:\/\/grupotextil.es\/ca\/wp-json\/wp\/v2\/product_tag?post=210341"}],"curies":[{"name":"wp","href":"https:\/\/api.w.org\/{rel}","templated":true}]}}