{"id":210372,"date":"2026-03-04T02:09:16","date_gmt":"2026-03-04T01:09:16","guid":{"rendered":"https:\/\/grupotextil.es\/producto\/adaptador-de-enchufes-para-viaje-stamina-nexar-1860\/"},"modified":"2026-03-04T06:14:47","modified_gmt":"2026-03-04T05:14:47","slug":"adaptador-de-enchufes-para-viaje-stamina-nexar-1860","status":"publish","type":"product","link":"https:\/\/grupotextil.es\/ca\/product\/adaptador-de-enchufes-para-viaje-stamina-nexar-1860\/","title":{"rendered":"Adaptador de Enchufes Para Viaje Stamina Nexar 1860"},"content":{"rendered":"<p>Adaptador de enchufes para viajes elaborado en policarbonato de alta calidad. Cuenta con una potencia m\u00e1xima de 25W para carga r\u00e1pida con cables aptos para ello, una salida USB y tres salidas Tipo C. V\u00e1lido para usarse en Europa, Reino Unido, Estados Unidos, Asia y Australia. Adem\u00e1s cuenta con cable de conexi\u00f3n Tipo C retr\u00e1ctil.<\/p>","protected":false},"excerpt":{"rendered":"<p>Adaptador de enchufes para viajes elaborado en policarbonato de alta calidad. Cuenta con una potencia m\u00e1xima de 25W para carga r\u00e1pida con cables aptos para ello, una salida USB y tres salidas Tipo C. V\u00e1lido para usarse en Europa, Reino Unido, Estados Unidos, Asia y Australia. Adem\u00e1s cuenta con cable de conexi\u00f3n Tipo C retr\u00e1ctil.<\/p>","protected":false},"featured_media":210373,"comment_status":"open","ping_status":"closed","template":"","meta":{"_acf_changed":false},"product_brand":[14012],"product_cat":[14006,13959],"product_tag":[],"class_list":{"0":"post-210372","1":"product","2":"type-product","3":"status-publish","4":"has-post-thumbnail","6":"product_brand-stamina","7":"product_cat-acc-merchandising","8":"product_cat-mr-tecnologia","9":"tm-no-options","11":"first","12":"outofstock","13":"taxable","14":"shipping-taxable","15":"product-type-variable"},"acf":[],"_links":{"self":[{"href":"https:\/\/grupotextil.es\/ca\/wp-json\/wp\/v2\/product\/210372","targetHints":{"allow":["GET"]}}],"collection":[{"href":"https:\/\/grupotextil.es\/ca\/wp-json\/wp\/v2\/product"}],"about":[{"href":"https:\/\/grupotextil.es\/ca\/wp-json\/wp\/v2\/types\/product"}],"replies":[{"embeddable":true,"href":"https:\/\/grupotextil.es\/ca\/wp-json\/wp\/v2\/comments?post=210372"}],"wp:featuredmedia":[{"embeddable":true,"href":"https:\/\/grupotextil.es\/ca\/wp-json\/wp\/v2\/media\/210373"}],"wp:attachment":[{"href":"https:\/\/grupotextil.es\/ca\/wp-json\/wp\/v2\/media?parent=210372"}],"wp:term":[{"taxonomy":"product_brand","embeddable":true,"href":"https:\/\/grupotextil.es\/ca\/wp-json\/wp\/v2\/product_brand?post=210372"},{"taxonomy":"product_cat","embeddable":true,"href":"https:\/\/grupotextil.es\/ca\/wp-json\/wp\/v2\/product_cat?post=210372"},{"taxonomy":"product_tag","embeddable":true,"href":"https:\/\/grupotextil.es\/ca\/wp-json\/wp\/v2\/product_tag?post=210372"}],"curies":[{"name":"wp","href":"https:\/\/api.w.org\/{rel}","templated":true}]}}