{"id":210399,"date":"2026-03-04T02:10:26","date_gmt":"2026-03-04T01:10:26","guid":{"rendered":"https:\/\/grupotextil.es\/producto\/carpeta-bateria-externa-stamina-sabix-1826\/"},"modified":"2026-03-04T06:14:47","modified_gmt":"2026-03-04T05:14:47","slug":"carpeta-bateria-externa-stamina-sabix-1826","status":"publish","type":"product","link":"https:\/\/grupotextil.es\/ca\/product\/carpeta-bateria-externa-stamina-sabix-1826\/","title":{"rendered":"Carpeta Bater\u00eda Externa Stamina Sabix 1826"},"content":{"rendered":"<p>Carpeta multifunci\u00f3n elaborada en RPET con cierre imantado. Incluye carga para smartphone mediante powerbank integrada de 5000 mAh, accionable mediante bot\u00f3n. Incluye tecnolog\u00eda para carga inal\u00e1mbrica de tu m\u00f3vil. Cuenta un bloc de 64 hojas en tama\u00f1o A5, compartimento para tarjetas y un soporte para smartphone y para bol\u00edgrafo.<\/p>","protected":false},"excerpt":{"rendered":"<p>Carpeta multifunci\u00f3n elaborada en RPET con cierre imantado. Incluye carga para smartphone mediante powerbank integrada de 5000 mAh, accionable mediante bot\u00f3n. Incluye tecnolog\u00eda para carga inal\u00e1mbrica de tu m\u00f3vil. Cuenta un bloc de 64 hojas en tama\u00f1o A5, compartimento para tarjetas y un soporte para smartphone y para bol\u00edgrafo.<\/p>","protected":false},"featured_media":210400,"comment_status":"open","ping_status":"closed","template":"","meta":{"_acf_changed":false},"product_brand":[14012],"product_cat":[14006,13972],"product_tag":[],"class_list":{"0":"post-210399","1":"product","2":"type-product","3":"status-publish","4":"has-post-thumbnail","6":"product_brand-stamina","7":"product_cat-acc-merchandising","8":"product_cat-oficina-y-escritura","9":"tm-no-options","11":"first","12":"instock","13":"taxable","14":"shipping-taxable","15":"product-type-variable"},"acf":[],"_links":{"self":[{"href":"https:\/\/grupotextil.es\/ca\/wp-json\/wp\/v2\/product\/210399","targetHints":{"allow":["GET"]}}],"collection":[{"href":"https:\/\/grupotextil.es\/ca\/wp-json\/wp\/v2\/product"}],"about":[{"href":"https:\/\/grupotextil.es\/ca\/wp-json\/wp\/v2\/types\/product"}],"replies":[{"embeddable":true,"href":"https:\/\/grupotextil.es\/ca\/wp-json\/wp\/v2\/comments?post=210399"}],"wp:featuredmedia":[{"embeddable":true,"href":"https:\/\/grupotextil.es\/ca\/wp-json\/wp\/v2\/media\/210400"}],"wp:attachment":[{"href":"https:\/\/grupotextil.es\/ca\/wp-json\/wp\/v2\/media?parent=210399"}],"wp:term":[{"taxonomy":"product_brand","embeddable":true,"href":"https:\/\/grupotextil.es\/ca\/wp-json\/wp\/v2\/product_brand?post=210399"},{"taxonomy":"product_cat","embeddable":true,"href":"https:\/\/grupotextil.es\/ca\/wp-json\/wp\/v2\/product_cat?post=210399"},{"taxonomy":"product_tag","embeddable":true,"href":"https:\/\/grupotextil.es\/ca\/wp-json\/wp\/v2\/product_tag?post=210399"}],"curies":[{"name":"wp","href":"https:\/\/api.w.org\/{rel}","templated":true}]}}