{"id":210433,"date":"2026-03-04T02:12:04","date_gmt":"2026-03-04T01:12:04","guid":{"rendered":"https:\/\/grupotextil.es\/producto\/cable-cargador-stamina-boeme-1871\/"},"modified":"2026-03-04T06:14:47","modified_gmt":"2026-03-04T05:14:47","slug":"cable-cargador-stamina-boeme-1871","status":"publish","type":"product","link":"https:\/\/grupotextil.es\/ca\/product\/cable-cargador-stamina-boeme-1871\/","title":{"rendered":"Cable Cargador Stamina Boeme 1871"},"content":{"rendered":"<p>Cable cargador 4 en 1 con adaptador Tipo C y Lightning, entrada USB y Tipo C. Incorpora un accesorio elaborado en bamb\u00fa con funci\u00f3n soporte para smartphone que adem\u00e1s guarda y protege los extremos del cable. Incluye un mosquet\u00f3n para transporte.<\/p>","protected":false},"excerpt":{"rendered":"<p>Cable cargador 4 en 1 con adaptador Tipo C y Lightning, entrada USB y Tipo C. Incorpora un accesorio elaborado en bamb\u00fa con funci\u00f3n soporte para smartphone que adem\u00e1s guarda y protege los extremos del cable. Incluye un mosquet\u00f3n para transporte.<\/p>","protected":false},"featured_media":210434,"comment_status":"open","ping_status":"closed","template":"","meta":{"_acf_changed":false},"product_brand":[14012],"product_cat":[14006,13959],"product_tag":[],"class_list":{"0":"post-210433","1":"product","2":"type-product","3":"status-publish","4":"has-post-thumbnail","6":"product_brand-stamina","7":"product_cat-acc-merchandising","8":"product_cat-mr-tecnologia","9":"tm-no-options","11":"first","12":"instock","13":"taxable","14":"shipping-taxable","15":"product-type-variable"},"acf":[],"_links":{"self":[{"href":"https:\/\/grupotextil.es\/ca\/wp-json\/wp\/v2\/product\/210433","targetHints":{"allow":["GET"]}}],"collection":[{"href":"https:\/\/grupotextil.es\/ca\/wp-json\/wp\/v2\/product"}],"about":[{"href":"https:\/\/grupotextil.es\/ca\/wp-json\/wp\/v2\/types\/product"}],"replies":[{"embeddable":true,"href":"https:\/\/grupotextil.es\/ca\/wp-json\/wp\/v2\/comments?post=210433"}],"wp:featuredmedia":[{"embeddable":true,"href":"https:\/\/grupotextil.es\/ca\/wp-json\/wp\/v2\/media\/210434"}],"wp:attachment":[{"href":"https:\/\/grupotextil.es\/ca\/wp-json\/wp\/v2\/media?parent=210433"}],"wp:term":[{"taxonomy":"product_brand","embeddable":true,"href":"https:\/\/grupotextil.es\/ca\/wp-json\/wp\/v2\/product_brand?post=210433"},{"taxonomy":"product_cat","embeddable":true,"href":"https:\/\/grupotextil.es\/ca\/wp-json\/wp\/v2\/product_cat?post=210433"},{"taxonomy":"product_tag","embeddable":true,"href":"https:\/\/grupotextil.es\/ca\/wp-json\/wp\/v2\/product_tag?post=210433"}],"curies":[{"name":"wp","href":"https:\/\/api.w.org\/{rel}","templated":true}]}}