{"id":210681,"date":"2026-03-04T02:14:49","date_gmt":"2026-03-04T01:14:49","guid":{"rendered":"https:\/\/grupotextil.es\/producto\/camiseta-unisex-stanley-stella-blaster-2-0-sttu959\/"},"modified":"2026-03-10T01:58:23","modified_gmt":"2026-03-10T00:58:23","slug":"camiseta-unisex-stanley-stella-blaster-2-0-sttu959","status":"publish","type":"product","link":"https:\/\/grupotextil.es\/ca\/product\/camiseta-unisex-stanley-stella-blaster-2-0-sttu959\/","title":{"rendered":"Camiseta Unisex Stanley\/Stella Blaster 2.0 STTU959"},"content":{"rendered":"<p>Mangas montadas Hombros ca\u00eddos Cuello simulado de canal\u00e9 1\u00d71 Cinta en la parte trasera del cuello Pespunte de doble aguja en las mangas y el dobladillo<\/p>","protected":false},"excerpt":{"rendered":"<p>Mangas montadas Hombros ca\u00eddos Cuello simulado de canal\u00e9 1\u00d71 Cinta en la parte trasera del cuello Pespunte de doble aguja en las mangas y el dobladillo<\/p>","protected":false},"featured_media":210682,"comment_status":"open","ping_status":"closed","template":"","meta":{"_acf_changed":false},"product_brand":[14178],"product_cat":[13977,13974,13973,9841],"product_tag":[],"class_list":{"0":"post-210681","1":"product","2":"type-product","3":"status-publish","4":"has-post-thumbnail","6":"product_brand-stanley-stella","7":"product_cat-h-camisetas-manga-corta","8":"product_cat-ropa-hombre","9":"product_cat-ropa","10":"product_cat-sostenible","11":"tm-no-options","13":"first","14":"instock","15":"taxable","16":"shipping-taxable","17":"product-type-variable"},"acf":[],"_links":{"self":[{"href":"https:\/\/grupotextil.es\/ca\/wp-json\/wp\/v2\/product\/210681","targetHints":{"allow":["GET"]}}],"collection":[{"href":"https:\/\/grupotextil.es\/ca\/wp-json\/wp\/v2\/product"}],"about":[{"href":"https:\/\/grupotextil.es\/ca\/wp-json\/wp\/v2\/types\/product"}],"replies":[{"embeddable":true,"href":"https:\/\/grupotextil.es\/ca\/wp-json\/wp\/v2\/comments?post=210681"}],"wp:featuredmedia":[{"embeddable":true,"href":"https:\/\/grupotextil.es\/ca\/wp-json\/wp\/v2\/media\/210682"}],"wp:attachment":[{"href":"https:\/\/grupotextil.es\/ca\/wp-json\/wp\/v2\/media?parent=210681"}],"wp:term":[{"taxonomy":"product_brand","embeddable":true,"href":"https:\/\/grupotextil.es\/ca\/wp-json\/wp\/v2\/product_brand?post=210681"},{"taxonomy":"product_cat","embeddable":true,"href":"https:\/\/grupotextil.es\/ca\/wp-json\/wp\/v2\/product_cat?post=210681"},{"taxonomy":"product_tag","embeddable":true,"href":"https:\/\/grupotextil.es\/ca\/wp-json\/wp\/v2\/product_tag?post=210681"}],"curies":[{"name":"wp","href":"https:\/\/api.w.org\/{rel}","templated":true}]}}