{"id":210788,"date":"2026-03-04T02:15:36","date_gmt":"2026-03-04T01:15:36","guid":{"rendered":"https:\/\/grupotextil.es\/producto\/camiseta-roly-corgi-2200-hombre\/"},"modified":"2026-03-10T01:58:23","modified_gmt":"2026-03-10T00:58:23","slug":"camiseta-roly-corgi-2200-hombre","status":"publish","type":"product","link":"https:\/\/grupotextil.es\/ca\/product\/camiseta-roly-corgi-2200-hombre\/","title":{"rendered":"Camiseta Roly Corgi 2200 Hombre"},"content":{"rendered":"<p>Camiseta man de manga corta en algod\u00f3n peinado efecto lavado. Cuello redondo en canal\u00e9 1\u00d71. Cubrecosturas en cuello del mismo tejido. Costuras dobles en laterales y sisas.<\/p>","protected":false},"excerpt":{"rendered":"<p>Camiseta man de manga corta en algod\u00f3n peinado efecto lavado. Cuello redondo en canal\u00e9 1\u00d71. Cubrecosturas en cuello del mismo tejido. Costuras dobles en laterales y sisas.<\/p>","protected":false},"featured_media":210789,"comment_status":"open","ping_status":"closed","template":"","meta":{"_acf_changed":false},"product_brand":[14011],"product_cat":[13931,13977,13974,13930,13973],"product_tag":[],"class_list":{"0":"post-210788","1":"product","2":"type-product","3":"status-publish","4":"has-post-thumbnail","6":"product_brand-roly","7":"product_cat-rl-alta-visibilidad","8":"product_cat-h-camisetas-manga-corta","9":"product_cat-ropa-hombre","10":"product_cat-laboral","11":"product_cat-ropa","12":"tm-no-options","14":"first","15":"instock","16":"taxable","17":"shipping-taxable","18":"product-type-variable"},"acf":[],"_links":{"self":[{"href":"https:\/\/grupotextil.es\/ca\/wp-json\/wp\/v2\/product\/210788","targetHints":{"allow":["GET"]}}],"collection":[{"href":"https:\/\/grupotextil.es\/ca\/wp-json\/wp\/v2\/product"}],"about":[{"href":"https:\/\/grupotextil.es\/ca\/wp-json\/wp\/v2\/types\/product"}],"replies":[{"embeddable":true,"href":"https:\/\/grupotextil.es\/ca\/wp-json\/wp\/v2\/comments?post=210788"}],"wp:featuredmedia":[{"embeddable":true,"href":"https:\/\/grupotextil.es\/ca\/wp-json\/wp\/v2\/media\/210789"}],"wp:attachment":[{"href":"https:\/\/grupotextil.es\/ca\/wp-json\/wp\/v2\/media?parent=210788"}],"wp:term":[{"taxonomy":"product_brand","embeddable":true,"href":"https:\/\/grupotextil.es\/ca\/wp-json\/wp\/v2\/product_brand?post=210788"},{"taxonomy":"product_cat","embeddable":true,"href":"https:\/\/grupotextil.es\/ca\/wp-json\/wp\/v2\/product_cat?post=210788"},{"taxonomy":"product_tag","embeddable":true,"href":"https:\/\/grupotextil.es\/ca\/wp-json\/wp\/v2\/product_tag?post=210788"}],"curies":[{"name":"wp","href":"https:\/\/api.w.org\/{rel}","templated":true}]}}