{"id":211574,"date":"2026-03-04T02:22:59","date_gmt":"2026-03-04T01:22:59","guid":{"rendered":"https:\/\/grupotextil.es\/producto\/chaqueta-stanley-stella-stella-voyager-2-0-stjw191\/"},"modified":"2026-03-10T01:59:05","modified_gmt":"2026-03-10T00:59:05","slug":"chaqueta-stanley-stella-stella-voyager-2-0-stjw191","status":"publish","type":"product","link":"https:\/\/grupotextil.es\/ca\/product\/chaqueta-stanley-stella-stella-voyager-2-0-stjw191\/","title":{"rendered":"Chaqueta Stanley\/Stella Stella Voyager 2.0 STJW191"},"content":{"rendered":"<p>Mangas montadas Cuello alto con capucha integrada Abertura de la capucha y bajo con muletillas de pl\u00e1stico ajustables y cord\u00f3n de ajuste el\u00e1stico Cremallera de nailon invertida en la parte delantera central Bolsillos de ojal con cremallera y tirador extra de grogr\u00e9n Acolchado integral Paneles laterales que realzan la forma Pu\u00f1os el\u00e1sticos en el mismo tejido Costuras interiores con acabado termosellado<\/p>","protected":false},"excerpt":{"rendered":"<p>Mangas montadas Cuello alto con capucha integrada Abertura de la capucha y bajo con muletillas de pl\u00e1stico ajustables y cord\u00f3n de ajuste el\u00e1stico Cremallera de nailon invertida en la parte delantera central Bolsillos de ojal con cremallera y tirador extra de grogr\u00e9n Acolchado integral Paneles laterales que realzan la forma Pu\u00f1os el\u00e1sticos en el mismo tejido Costuras interiores con acabado termosellado<\/p>","protected":false},"featured_media":211575,"comment_status":"open","ping_status":"closed","template":"","meta":{"_acf_changed":false},"product_brand":[14178],"product_cat":[13990,13975,13973],"product_tag":[],"class_list":{"0":"post-211574","1":"product","2":"type-product","3":"status-publish","4":"has-post-thumbnail","6":"product_brand-stanley-stella","7":"product_cat-m-chaquetas-y-abrigos","8":"product_cat-ropa-mujer","9":"product_cat-ropa","10":"tm-no-options","12":"first","13":"instock","14":"taxable","15":"shipping-taxable","16":"product-type-variable"},"acf":[],"_links":{"self":[{"href":"https:\/\/grupotextil.es\/ca\/wp-json\/wp\/v2\/product\/211574","targetHints":{"allow":["GET"]}}],"collection":[{"href":"https:\/\/grupotextil.es\/ca\/wp-json\/wp\/v2\/product"}],"about":[{"href":"https:\/\/grupotextil.es\/ca\/wp-json\/wp\/v2\/types\/product"}],"replies":[{"embeddable":true,"href":"https:\/\/grupotextil.es\/ca\/wp-json\/wp\/v2\/comments?post=211574"}],"wp:featuredmedia":[{"embeddable":true,"href":"https:\/\/grupotextil.es\/ca\/wp-json\/wp\/v2\/media\/211575"}],"wp:attachment":[{"href":"https:\/\/grupotextil.es\/ca\/wp-json\/wp\/v2\/media?parent=211574"}],"wp:term":[{"taxonomy":"product_brand","embeddable":true,"href":"https:\/\/grupotextil.es\/ca\/wp-json\/wp\/v2\/product_brand?post=211574"},{"taxonomy":"product_cat","embeddable":true,"href":"https:\/\/grupotextil.es\/ca\/wp-json\/wp\/v2\/product_cat?post=211574"},{"taxonomy":"product_tag","embeddable":true,"href":"https:\/\/grupotextil.es\/ca\/wp-json\/wp\/v2\/product_tag?post=211574"}],"curies":[{"name":"wp","href":"https:\/\/api.w.org\/{rel}","templated":true}]}}