{"id":211723,"date":"2026-03-04T02:25:08","date_gmt":"2026-03-04T01:25:08","guid":{"rendered":"https:\/\/grupotextil.es\/producto\/vaso-stamina-lovren-1676\/"},"modified":"2026-03-04T06:14:51","modified_gmt":"2026-03-04T05:14:51","slug":"vaso-stamina-lovren-1676","status":"publish","type":"product","link":"https:\/\/grupotextil.es\/ca\/product\/vaso-stamina-lovren-1676\/","title":{"rendered":"Vaso Stamina Lovren 1676"},"content":{"rendered":"<p>Vaso con cuerpo de PP reciclado, banda de corcho en el centro y tapa fabricada en bamb\u00fa. Esta tapa cuenta con un anillo de silicona para asegurar su cierre y evitar derrames y ca\u00eddas de l\u00edquidos. Capacidad 350 ml.<\/p>","protected":false},"excerpt":{"rendered":"<p>Vaso con cuerpo de PP reciclado, banda de corcho en el centro y tapa fabricada en bamb\u00fa. Esta tapa cuenta con un anillo de silicona para asegurar su cierre y evitar derrames y ca\u00eddas de l\u00edquidos. Capacidad 350 ml.<\/p>","protected":false},"featured_media":211724,"comment_status":"open","ping_status":"closed","template":"","meta":{"_acf_changed":false},"product_brand":[14012],"product_cat":[13958,14006,13971],"product_tag":[],"class_list":{"0":"post-211723","1":"product","2":"type-product","3":"status-publish","4":"has-post-thumbnail","6":"product_brand-stamina","7":"product_cat-mr-botellas-y-termos","8":"product_cat-acc-merchandising","9":"product_cat-mr-tazas","10":"tm-no-options","12":"first","13":"instock","14":"taxable","15":"shipping-taxable","16":"product-type-variable"},"acf":[],"_links":{"self":[{"href":"https:\/\/grupotextil.es\/ca\/wp-json\/wp\/v2\/product\/211723","targetHints":{"allow":["GET"]}}],"collection":[{"href":"https:\/\/grupotextil.es\/ca\/wp-json\/wp\/v2\/product"}],"about":[{"href":"https:\/\/grupotextil.es\/ca\/wp-json\/wp\/v2\/types\/product"}],"replies":[{"embeddable":true,"href":"https:\/\/grupotextil.es\/ca\/wp-json\/wp\/v2\/comments?post=211723"}],"wp:featuredmedia":[{"embeddable":true,"href":"https:\/\/grupotextil.es\/ca\/wp-json\/wp\/v2\/media\/211724"}],"wp:attachment":[{"href":"https:\/\/grupotextil.es\/ca\/wp-json\/wp\/v2\/media?parent=211723"}],"wp:term":[{"taxonomy":"product_brand","embeddable":true,"href":"https:\/\/grupotextil.es\/ca\/wp-json\/wp\/v2\/product_brand?post=211723"},{"taxonomy":"product_cat","embeddable":true,"href":"https:\/\/grupotextil.es\/ca\/wp-json\/wp\/v2\/product_cat?post=211723"},{"taxonomy":"product_tag","embeddable":true,"href":"https:\/\/grupotextil.es\/ca\/wp-json\/wp\/v2\/product_tag?post=211723"}],"curies":[{"name":"wp","href":"https:\/\/api.w.org\/{rel}","templated":true}]}}