{"id":211737,"date":"2026-03-04T02:25:27","date_gmt":"2026-03-04T01:25:27","guid":{"rendered":"https:\/\/grupotextil.es\/producto\/vaso-stamina-salmer-1726\/"},"modified":"2026-03-04T06:14:51","modified_gmt":"2026-03-04T05:14:51","slug":"vaso-stamina-salmer-1726","status":"publish","type":"product","link":"https:\/\/grupotextil.es\/ca\/product\/vaso-stamina-salmer-1726\/","title":{"rendered":"Vaso Stamina Salmer 1726"},"content":{"rendered":"<p>Vaso de doble pared con interior en acero inoxidable 304 y exterior de PP reciclado. Con dise\u00f1o biselado en el cuerpo, cuenta con una capacidad de 400 ml. Con tapa a rosca y tap\u00f3n individual, que evita ca\u00eddas de l\u00edquidos, con dosificador y tap\u00f3n individual de este. Una opci\u00f3n c\u00f3moda y pr\u00e1ctica para llevar tus bebidas a todas partes a la temperatura ideal.<\/p>","protected":false},"excerpt":{"rendered":"<p>Vaso de doble pared con interior en acero inoxidable 304 y exterior de PP reciclado. Con dise\u00f1o biselado en el cuerpo, cuenta con una capacidad de 400 ml. Con tapa a rosca y tap\u00f3n individual, que evita ca\u00eddas de l\u00edquidos, con dosificador y tap\u00f3n individual de este. Una opci\u00f3n c\u00f3moda y pr\u00e1ctica para llevar tus bebidas a todas partes a la temperatura ideal.<\/p>","protected":false},"featured_media":211738,"comment_status":"open","ping_status":"closed","template":"","meta":{"_acf_changed":false},"product_brand":[14012],"product_cat":[13958,14006,13971],"product_tag":[],"class_list":{"0":"post-211737","1":"product","2":"type-product","3":"status-publish","4":"has-post-thumbnail","6":"product_brand-stamina","7":"product_cat-mr-botellas-y-termos","8":"product_cat-acc-merchandising","9":"product_cat-mr-tazas","10":"tm-no-options","12":"first","13":"instock","14":"taxable","15":"shipping-taxable","16":"product-type-variable"},"acf":[],"_links":{"self":[{"href":"https:\/\/grupotextil.es\/ca\/wp-json\/wp\/v2\/product\/211737","targetHints":{"allow":["GET"]}}],"collection":[{"href":"https:\/\/grupotextil.es\/ca\/wp-json\/wp\/v2\/product"}],"about":[{"href":"https:\/\/grupotextil.es\/ca\/wp-json\/wp\/v2\/types\/product"}],"replies":[{"embeddable":true,"href":"https:\/\/grupotextil.es\/ca\/wp-json\/wp\/v2\/comments?post=211737"}],"wp:featuredmedia":[{"embeddable":true,"href":"https:\/\/grupotextil.es\/ca\/wp-json\/wp\/v2\/media\/211738"}],"wp:attachment":[{"href":"https:\/\/grupotextil.es\/ca\/wp-json\/wp\/v2\/media?parent=211737"}],"wp:term":[{"taxonomy":"product_brand","embeddable":true,"href":"https:\/\/grupotextil.es\/ca\/wp-json\/wp\/v2\/product_brand?post=211737"},{"taxonomy":"product_cat","embeddable":true,"href":"https:\/\/grupotextil.es\/ca\/wp-json\/wp\/v2\/product_cat?post=211737"},{"taxonomy":"product_tag","embeddable":true,"href":"https:\/\/grupotextil.es\/ca\/wp-json\/wp\/v2\/product_tag?post=211737"}],"curies":[{"name":"wp","href":"https:\/\/api.w.org\/{rel}","templated":true}]}}