{"id":211762,"date":"2026-03-04T02:25:59","date_gmt":"2026-03-04T01:25:59","guid":{"rendered":"https:\/\/grupotextil.es\/producto\/taza-termica-stamina-nubex-1794\/"},"modified":"2026-03-04T06:14:52","modified_gmt":"2026-03-04T05:14:52","slug":"taza-termica-stamina-nubex-1794","status":"publish","type":"product","link":"https:\/\/grupotextil.es\/ca\/product\/taza-termica-stamina-nubex-1794\/","title":{"rendered":"Taza T\u00e9rmica Stamina Nubex 1794"},"content":{"rendered":"<p>Taza t\u00e9rmica de acero inoxidable 304 reciclado con dise\u00f1o biselado de doble pared. Tapa de seguridad transparente. Capacidad 450 ml.<\/p>","protected":false},"excerpt":{"rendered":"<p>Taza t\u00e9rmica de acero inoxidable 304 reciclado con dise\u00f1o biselado de doble pared. Tapa de seguridad transparente. Capacidad 450 ml.<\/p>","protected":false},"featured_media":211763,"comment_status":"open","ping_status":"closed","template":"","meta":{"_acf_changed":false},"product_brand":[14012],"product_cat":[13958,14006,13971],"product_tag":[],"class_list":{"0":"post-211762","1":"product","2":"type-product","3":"status-publish","4":"has-post-thumbnail","6":"product_brand-stamina","7":"product_cat-mr-botellas-y-termos","8":"product_cat-acc-merchandising","9":"product_cat-mr-tazas","10":"tm-no-options","12":"first","13":"instock","14":"taxable","15":"shipping-taxable","16":"product-type-variable"},"acf":[],"_links":{"self":[{"href":"https:\/\/grupotextil.es\/ca\/wp-json\/wp\/v2\/product\/211762","targetHints":{"allow":["GET"]}}],"collection":[{"href":"https:\/\/grupotextil.es\/ca\/wp-json\/wp\/v2\/product"}],"about":[{"href":"https:\/\/grupotextil.es\/ca\/wp-json\/wp\/v2\/types\/product"}],"replies":[{"embeddable":true,"href":"https:\/\/grupotextil.es\/ca\/wp-json\/wp\/v2\/comments?post=211762"}],"wp:featuredmedia":[{"embeddable":true,"href":"https:\/\/grupotextil.es\/ca\/wp-json\/wp\/v2\/media\/211763"}],"wp:attachment":[{"href":"https:\/\/grupotextil.es\/ca\/wp-json\/wp\/v2\/media?parent=211762"}],"wp:term":[{"taxonomy":"product_brand","embeddable":true,"href":"https:\/\/grupotextil.es\/ca\/wp-json\/wp\/v2\/product_brand?post=211762"},{"taxonomy":"product_cat","embeddable":true,"href":"https:\/\/grupotextil.es\/ca\/wp-json\/wp\/v2\/product_cat?post=211762"},{"taxonomy":"product_tag","embeddable":true,"href":"https:\/\/grupotextil.es\/ca\/wp-json\/wp\/v2\/product_tag?post=211762"}],"curies":[{"name":"wp","href":"https:\/\/api.w.org\/{rel}","templated":true}]}}