{"id":212298,"date":"2026-03-04T02:32:36","date_gmt":"2026-03-04T01:32:36","guid":{"rendered":"https:\/\/grupotextil.es\/producto\/taza-ceramica-stamina-nevex-1615\/"},"modified":"2026-03-04T06:14:53","modified_gmt":"2026-03-04T05:14:53","slug":"taza-ceramica-stamina-nevex-1615","status":"publish","type":"product","link":"https:\/\/grupotextil.es\/ca\/product\/taza-ceramica-stamina-nevex-1615\/","title":{"rendered":"Taza Cer\u00e1mica Stamina Nevex 1615"},"content":{"rendered":"<p>Taza de cer\u00e1mica especial para sublimaci\u00f3n. Capacidad para 350 ml. Cuenta con base a color con efecto degradado.<\/p>","protected":false},"excerpt":{"rendered":"<p>Taza de cer\u00e1mica especial para sublimaci\u00f3n. Capacidad para 350 ml. Cuenta con base a color con efecto degradado.<\/p>","protected":false},"featured_media":212299,"comment_status":"open","ping_status":"closed","template":"","meta":{"_acf_changed":false},"product_brand":[14012],"product_cat":[14006,13971],"product_tag":[],"class_list":{"0":"post-212298","1":"product","2":"type-product","3":"status-publish","4":"has-post-thumbnail","6":"product_brand-stamina","7":"product_cat-acc-merchandising","8":"product_cat-mr-tazas","9":"tm-no-options","11":"first","12":"instock","13":"taxable","14":"shipping-taxable","15":"product-type-variable"},"acf":[],"_links":{"self":[{"href":"https:\/\/grupotextil.es\/ca\/wp-json\/wp\/v2\/product\/212298","targetHints":{"allow":["GET"]}}],"collection":[{"href":"https:\/\/grupotextil.es\/ca\/wp-json\/wp\/v2\/product"}],"about":[{"href":"https:\/\/grupotextil.es\/ca\/wp-json\/wp\/v2\/types\/product"}],"replies":[{"embeddable":true,"href":"https:\/\/grupotextil.es\/ca\/wp-json\/wp\/v2\/comments?post=212298"}],"wp:featuredmedia":[{"embeddable":true,"href":"https:\/\/grupotextil.es\/ca\/wp-json\/wp\/v2\/media\/212299"}],"wp:attachment":[{"href":"https:\/\/grupotextil.es\/ca\/wp-json\/wp\/v2\/media?parent=212298"}],"wp:term":[{"taxonomy":"product_brand","embeddable":true,"href":"https:\/\/grupotextil.es\/ca\/wp-json\/wp\/v2\/product_brand?post=212298"},{"taxonomy":"product_cat","embeddable":true,"href":"https:\/\/grupotextil.es\/ca\/wp-json\/wp\/v2\/product_cat?post=212298"},{"taxonomy":"product_tag","embeddable":true,"href":"https:\/\/grupotextil.es\/ca\/wp-json\/wp\/v2\/product_tag?post=212298"}],"curies":[{"name":"wp","href":"https:\/\/api.w.org\/{rel}","templated":true}]}}