{"id":212339,"date":"2026-03-04T02:33:25","date_gmt":"2026-03-04T01:33:25","guid":{"rendered":"https:\/\/grupotextil.es\/producto\/palas-de-playa-stamina-salento-1669\/"},"modified":"2026-03-04T06:14:54","modified_gmt":"2026-03-04T05:14:54","slug":"palas-de-playa-stamina-salento-1669","status":"publish","type":"product","link":"https:\/\/grupotextil.es\/ca\/product\/palas-de-playa-stamina-salento-1669\/","title":{"rendered":"Palas De Playa Stamina Salento 1669"},"content":{"rendered":"<p>Juego de palas de playa realizadas en madera y fibra de trigo. Integra en su superficie diferentes multijuegos: ajedrez y parch\u00eds, incluyendo las piezas de juego. Son una opci\u00f3n vers\u00e1til y pr\u00e1ctica, ya que te permite jugar a las palas de forma convencional o a los cl\u00e1sicos juegos de mesa.<\/p>","protected":false},"excerpt":{"rendered":"<p>Juego de palas de playa realizadas en madera y fibra de trigo. Integra en su superficie diferentes multijuegos: ajedrez y parch\u00eds, incluyendo las piezas de juego. Son una opci\u00f3n vers\u00e1til y pr\u00e1ctica, ya que te permite jugar a las palas de forma convencional o a los cl\u00e1sicos juegos de mesa.<\/p>","protected":false},"featured_media":212340,"comment_status":"open","ping_status":"closed","template":"","meta":{"_acf_changed":false},"product_brand":[14012],"product_cat":[13961,14006],"product_tag":[],"class_list":{"0":"post-212339","1":"product","2":"type-product","3":"status-publish","4":"has-post-thumbnail","6":"product_brand-stamina","7":"product_cat-mr-articulos-de-playa","8":"product_cat-acc-merchandising","9":"tm-no-options","11":"first","12":"instock","13":"taxable","14":"shipping-taxable","15":"product-type-variable"},"acf":[],"_links":{"self":[{"href":"https:\/\/grupotextil.es\/ca\/wp-json\/wp\/v2\/product\/212339","targetHints":{"allow":["GET"]}}],"collection":[{"href":"https:\/\/grupotextil.es\/ca\/wp-json\/wp\/v2\/product"}],"about":[{"href":"https:\/\/grupotextil.es\/ca\/wp-json\/wp\/v2\/types\/product"}],"replies":[{"embeddable":true,"href":"https:\/\/grupotextil.es\/ca\/wp-json\/wp\/v2\/comments?post=212339"}],"wp:featuredmedia":[{"embeddable":true,"href":"https:\/\/grupotextil.es\/ca\/wp-json\/wp\/v2\/media\/212340"}],"wp:attachment":[{"href":"https:\/\/grupotextil.es\/ca\/wp-json\/wp\/v2\/media?parent=212339"}],"wp:term":[{"taxonomy":"product_brand","embeddable":true,"href":"https:\/\/grupotextil.es\/ca\/wp-json\/wp\/v2\/product_brand?post=212339"},{"taxonomy":"product_cat","embeddable":true,"href":"https:\/\/grupotextil.es\/ca\/wp-json\/wp\/v2\/product_cat?post=212339"},{"taxonomy":"product_tag","embeddable":true,"href":"https:\/\/grupotextil.es\/ca\/wp-json\/wp\/v2\/product_tag?post=212339"}],"curies":[{"name":"wp","href":"https:\/\/api.w.org\/{rel}","templated":true}]}}