{"id":212345,"date":"2026-03-04T02:33:32","date_gmt":"2026-03-04T01:33:32","guid":{"rendered":"https:\/\/grupotextil.es\/producto\/portamovil-de-pana-stamina-busnix-1739\/"},"modified":"2026-03-04T06:14:54","modified_gmt":"2026-03-04T05:14:54","slug":"portamovil-de-pana-stamina-busnix-1739","status":"publish","type":"product","link":"https:\/\/grupotextil.es\/ca\/product\/portamovil-de-pana-stamina-busnix-1739\/","title":{"rendered":"Portam\u00f3vil De Pana Stamina Busnix 1739"},"content":{"rendered":"<p>Portam\u00f3vil realizado en tejido de pana. Cuenta con un compartimento principal con cierre de cremallera a juego y un bolsillo exterior para el transporte de peque\u00f1os enseres. Incluye cord\u00f3n de transporte a juego ajustable. Una opci\u00f3n vers\u00e1til y pr\u00e1ctica para el transporte de tu smartphone.<\/p>","protected":false},"excerpt":{"rendered":"<p>Portam\u00f3vil realizado en tejido de pana. Cuenta con un compartimento principal con cierre de cremallera a juego y un bolsillo exterior para el transporte de peque\u00f1os enseres. Incluye cord\u00f3n de transporte a juego ajustable. Una opci\u00f3n vers\u00e1til y pr\u00e1ctica para el transporte de tu smartphone.<\/p>","protected":false},"featured_media":212346,"comment_status":"open","ping_status":"closed","template":"","meta":{"_acf_changed":false},"product_brand":[14012],"product_cat":[13954],"product_tag":[],"class_list":{"0":"post-212345","1":"product","2":"type-product","3":"status-publish","4":"has-post-thumbnail","6":"product_brand-stamina","7":"product_cat-acc-bolsas-y-mochilas","8":"tm-no-options","10":"first","11":"instock","12":"taxable","13":"shipping-taxable","14":"product-type-variable"},"acf":[],"_links":{"self":[{"href":"https:\/\/grupotextil.es\/ca\/wp-json\/wp\/v2\/product\/212345","targetHints":{"allow":["GET"]}}],"collection":[{"href":"https:\/\/grupotextil.es\/ca\/wp-json\/wp\/v2\/product"}],"about":[{"href":"https:\/\/grupotextil.es\/ca\/wp-json\/wp\/v2\/types\/product"}],"replies":[{"embeddable":true,"href":"https:\/\/grupotextil.es\/ca\/wp-json\/wp\/v2\/comments?post=212345"}],"wp:featuredmedia":[{"embeddable":true,"href":"https:\/\/grupotextil.es\/ca\/wp-json\/wp\/v2\/media\/212346"}],"wp:attachment":[{"href":"https:\/\/grupotextil.es\/ca\/wp-json\/wp\/v2\/media?parent=212345"}],"wp:term":[{"taxonomy":"product_brand","embeddable":true,"href":"https:\/\/grupotextil.es\/ca\/wp-json\/wp\/v2\/product_brand?post=212345"},{"taxonomy":"product_cat","embeddable":true,"href":"https:\/\/grupotextil.es\/ca\/wp-json\/wp\/v2\/product_cat?post=212345"},{"taxonomy":"product_tag","embeddable":true,"href":"https:\/\/grupotextil.es\/ca\/wp-json\/wp\/v2\/product_tag?post=212345"}],"curies":[{"name":"wp","href":"https:\/\/api.w.org\/{rel}","templated":true}]}}