{"id":212421,"date":"2026-03-04T02:34:47","date_gmt":"2026-03-04T01:34:47","guid":{"rendered":"https:\/\/grupotextil.es\/producto\/raton-inalambrico-stamina-rodri-1713\/"},"modified":"2026-03-04T06:14:55","modified_gmt":"2026-03-04T05:14:55","slug":"raton-inalambrico-stamina-rodri-1713","status":"publish","type":"product","link":"https:\/\/grupotextil.es\/ca\/product\/raton-inalambrico-stamina-rodri-1713\/","title":{"rendered":"Rat\u00f3n Inal\u00e1mbrico Stamina Rodri 1713"},"content":{"rendered":"<p>Rat\u00f3n inal\u00e1mbrico realizado en ABS reciclado y R-PET con sensor \u00f3ptico de precisi\u00f3n. Funciona con 2 pilas AA no incluidas<\/p>","protected":false},"excerpt":{"rendered":"<p>Rat\u00f3n inal\u00e1mbrico realizado en ABS reciclado y R-PET con sensor \u00f3ptico de precisi\u00f3n. Funciona con 2 pilas AA no incluidas<\/p>","protected":false},"featured_media":212422,"comment_status":"open","ping_status":"closed","template":"","meta":{"_acf_changed":false},"product_brand":[14012],"product_cat":[14006,13972],"product_tag":[],"class_list":{"0":"post-212421","1":"product","2":"type-product","3":"status-publish","4":"has-post-thumbnail","6":"product_brand-stamina","7":"product_cat-acc-merchandising","8":"product_cat-oficina-y-escritura","9":"tm-no-options","11":"first","12":"instock","13":"taxable","14":"shipping-taxable","15":"product-type-variable"},"acf":[],"_links":{"self":[{"href":"https:\/\/grupotextil.es\/ca\/wp-json\/wp\/v2\/product\/212421","targetHints":{"allow":["GET"]}}],"collection":[{"href":"https:\/\/grupotextil.es\/ca\/wp-json\/wp\/v2\/product"}],"about":[{"href":"https:\/\/grupotextil.es\/ca\/wp-json\/wp\/v2\/types\/product"}],"replies":[{"embeddable":true,"href":"https:\/\/grupotextil.es\/ca\/wp-json\/wp\/v2\/comments?post=212421"}],"wp:featuredmedia":[{"embeddable":true,"href":"https:\/\/grupotextil.es\/ca\/wp-json\/wp\/v2\/media\/212422"}],"wp:attachment":[{"href":"https:\/\/grupotextil.es\/ca\/wp-json\/wp\/v2\/media?parent=212421"}],"wp:term":[{"taxonomy":"product_brand","embeddable":true,"href":"https:\/\/grupotextil.es\/ca\/wp-json\/wp\/v2\/product_brand?post=212421"},{"taxonomy":"product_cat","embeddable":true,"href":"https:\/\/grupotextil.es\/ca\/wp-json\/wp\/v2\/product_cat?post=212421"},{"taxonomy":"product_tag","embeddable":true,"href":"https:\/\/grupotextil.es\/ca\/wp-json\/wp\/v2\/product_tag?post=212421"}],"curies":[{"name":"wp","href":"https:\/\/api.w.org\/{rel}","templated":true}]}}