{"id":212433,"date":"2026-03-04T02:35:04","date_gmt":"2026-03-04T01:35:04","guid":{"rendered":"https:\/\/grupotextil.es\/producto\/bolsa-de-papel-9x14-cm-stamina-moshi-1821\/"},"modified":"2026-03-04T06:14:55","modified_gmt":"2026-03-04T05:14:55","slug":"bolsa-de-papel-9x14-cm-stamina-moshi-1821","status":"publish","type":"product","link":"https:\/\/grupotextil.es\/ca\/product\/bolsa-de-papel-9x14-cm-stamina-moshi-1821\/","title":{"rendered":"Bolsa De Papel 9\u00d714 Cm Stamina Moshi 1821"},"content":{"rendered":"<p>Sobre peque\u00f1o de presentaci\u00f3n elaborado en papel reciclado FSC con solapa adhesiva de 2cm. Medidas 9\u00d714,5cm.<\/p>","protected":false},"excerpt":{"rendered":"<p>Sobre peque\u00f1o de presentaci\u00f3n elaborado en papel reciclado FSC con solapa adhesiva de 2cm. Medidas 9\u00d714,5cm.<\/p>","protected":false},"featured_media":212434,"comment_status":"open","ping_status":"closed","template":"","meta":{"_acf_changed":false},"product_brand":[14012],"product_cat":[13954],"product_tag":[],"class_list":{"0":"post-212433","1":"product","2":"type-product","3":"status-publish","4":"has-post-thumbnail","6":"product_brand-stamina","7":"product_cat-acc-bolsas-y-mochilas","8":"tm-no-options","10":"first","11":"outofstock","12":"taxable","13":"shipping-taxable","14":"product-type-variable"},"acf":[],"_links":{"self":[{"href":"https:\/\/grupotextil.es\/ca\/wp-json\/wp\/v2\/product\/212433","targetHints":{"allow":["GET"]}}],"collection":[{"href":"https:\/\/grupotextil.es\/ca\/wp-json\/wp\/v2\/product"}],"about":[{"href":"https:\/\/grupotextil.es\/ca\/wp-json\/wp\/v2\/types\/product"}],"replies":[{"embeddable":true,"href":"https:\/\/grupotextil.es\/ca\/wp-json\/wp\/v2\/comments?post=212433"}],"wp:featuredmedia":[{"embeddable":true,"href":"https:\/\/grupotextil.es\/ca\/wp-json\/wp\/v2\/media\/212434"}],"wp:attachment":[{"href":"https:\/\/grupotextil.es\/ca\/wp-json\/wp\/v2\/media?parent=212433"}],"wp:term":[{"taxonomy":"product_brand","embeddable":true,"href":"https:\/\/grupotextil.es\/ca\/wp-json\/wp\/v2\/product_brand?post=212433"},{"taxonomy":"product_cat","embeddable":true,"href":"https:\/\/grupotextil.es\/ca\/wp-json\/wp\/v2\/product_cat?post=212433"},{"taxonomy":"product_tag","embeddable":true,"href":"https:\/\/grupotextil.es\/ca\/wp-json\/wp\/v2\/product_tag?post=212433"}],"curies":[{"name":"wp","href":"https:\/\/api.w.org\/{rel}","templated":true}]}}