{"id":212474,"date":"2026-03-04T02:35:55","date_gmt":"2026-03-04T01:35:55","guid":{"rendered":"https:\/\/grupotextil.es\/producto\/nevera-stamina-drake-1809\/"},"modified":"2026-03-04T06:14:55","modified_gmt":"2026-03-04T05:14:55","slug":"nevera-stamina-drake-1809","status":"publish","type":"product","link":"https:\/\/grupotextil.es\/ca\/product\/nevera-stamina-drake-1809\/","title":{"rendered":"Nevera Stamina Drake 1809"},"content":{"rendered":"<p>Nevera r\u00edgida con asa abatible de transporte Elaborada en PP, con doble pared, para una conservaci\u00f3n de tus bebidas y alimentos a una temperatura \u00f3ptima. Con capacidad para 5L.<\/p>","protected":false},"excerpt":{"rendered":"<p>Nevera r\u00edgida con asa abatible de transporte Elaborada en PP, con doble pared, para una conservaci\u00f3n de tus bebidas y alimentos a una temperatura \u00f3ptima. Con capacidad para 5L.<\/p>","protected":false},"featured_media":212475,"comment_status":"open","ping_status":"closed","template":"","meta":{"_acf_changed":false},"product_brand":[14012],"product_cat":[13961,13954,14006],"product_tag":[],"class_list":{"0":"post-212474","1":"product","2":"type-product","3":"status-publish","4":"has-post-thumbnail","6":"product_brand-stamina","7":"product_cat-mr-articulos-de-playa","8":"product_cat-acc-bolsas-y-mochilas","9":"product_cat-acc-merchandising","10":"tm-no-options","12":"first","13":"instock","14":"taxable","15":"shipping-taxable","16":"product-type-variable"},"acf":[],"_links":{"self":[{"href":"https:\/\/grupotextil.es\/ca\/wp-json\/wp\/v2\/product\/212474","targetHints":{"allow":["GET"]}}],"collection":[{"href":"https:\/\/grupotextil.es\/ca\/wp-json\/wp\/v2\/product"}],"about":[{"href":"https:\/\/grupotextil.es\/ca\/wp-json\/wp\/v2\/types\/product"}],"replies":[{"embeddable":true,"href":"https:\/\/grupotextil.es\/ca\/wp-json\/wp\/v2\/comments?post=212474"}],"wp:featuredmedia":[{"embeddable":true,"href":"https:\/\/grupotextil.es\/ca\/wp-json\/wp\/v2\/media\/212475"}],"wp:attachment":[{"href":"https:\/\/grupotextil.es\/ca\/wp-json\/wp\/v2\/media?parent=212474"}],"wp:term":[{"taxonomy":"product_brand","embeddable":true,"href":"https:\/\/grupotextil.es\/ca\/wp-json\/wp\/v2\/product_brand?post=212474"},{"taxonomy":"product_cat","embeddable":true,"href":"https:\/\/grupotextil.es\/ca\/wp-json\/wp\/v2\/product_cat?post=212474"},{"taxonomy":"product_tag","embeddable":true,"href":"https:\/\/grupotextil.es\/ca\/wp-json\/wp\/v2\/product_tag?post=212474"}],"curies":[{"name":"wp","href":"https:\/\/api.w.org\/{rel}","templated":true}]}}